{"id":10745,"date":"2023-02-14T18:20:09","date_gmt":"2023-02-14T18:20:09","guid":{"rendered":"https:\/\/www.sunkaraoke.hu\/?post_type=product&#038;p=10745"},"modified":"2025-07-06T10:51:57","modified_gmt":"2025-07-06T08:51:57","slug":"desperado-gyere-es-almodj-pb-cover","status":"publish","type":"product","link":"https:\/\/www.sunkaraoke.hu\/index.php\/termek\/desperado-gyere-es-almodj-pb-cover\/","title":{"rendered":"<div class=\"wcmp-player-container product-10745\"><audio controlslist=\"nodownload\" data-product=\"10745\"  volume=\"1\"  preload=\"none\" data-lazyloading=\"none\" class=\"wcmp-player track mejs-classic\" data-duration=\"0:34\" data-estimated_duration=\"4\"><source src=\"https:\/\/www.sunkaraoke.hu\/wp-content\/uploads\/2023\/02\/Gyere-es-almodj-2023-Mulatos-_sdemoi.mp3\" type=\"audio\/mp3\" \/><\/audio><\/div>Desperad\u00f3 &#8211; Gyere \u00e9s \u00e1lmodj 2023.( PB. Cover)"},"content":{"rendered":"<p><strong>03:06<\/strong> \/\u00a0<strong><img loading=\"lazy\" decoding=\"async\" class=\"alignnone size-full wp-image-467\" src=\"https:\/\/www.sunkaraoke.hu\/wp-content\/uploads\/2022\/07\/choir_2-copy.webp\" alt=\"\" width=\"30\" height=\"30\" \/> \/\u00a0 <img decoding=\"async\" src=\"https:\/\/www.sunkaraoke.hu\/wp-content\/uploads\/2022\/07\/transzponalas.webp\" \/> -2 \/<\/strong><\/p>\n","protected":false},"excerpt":{"rendered":"<p><strong>Bits\u0171r\u0171s\u00e9g: 320kb\/s<\/strong><br \/>\n<strong>Hossz: 03:36<\/strong><br \/>\n<strong>Vok\u00e1lt tartalmaz: Nem <img loading=\"lazy\" decoding=\"async\" class=\"alignnone size-full wp-image-467\" src=\"http:\/\/www.sunkaraoke.hu\/wp-content\/uploads\/2022\/07\/choir_2-copy.png\" alt=\"\" width=\"30\" height=\"30\" \/><\/strong><\/p>\n<p><strong>Transzpon\u00e1lt: Igen <img decoding=\"async\" src=\"https:\/\/www.sunkaraoke.hu\/wp-content\/uploads\/2022\/07\/transzponalas.png\" \/>\u00a0 -2<\/strong><\/p>\n<p>Sunkaraoke mp3 st\u00fadi\u00f3 \/ www.sunkaraoke.hu \/ Inf: Tel: 06 20 4275001<\/p>\n<p>&#8212;Intr\u00f3&#8212;<br \/>\nMikor az ajt\u00f3mon kil\u00e9pett,<br \/>\nkis\u00edrt, szomor\u00fa szemekkel,<br \/>\nakkor m\u00e1r r\u00e1j\u00f6ttem, hogy mindent,<br \/>\ncsak \u00e9n rontottam el!<br \/>\nLehet, hogy nem tudtam megadni,<br \/>\nami kellett volna neked,<br \/>\nde soha nem tudtam tagadni,<br \/>\nhogy mennyire szeretlek!<\/p>\n<p>Gyere \u00e9s \u00e1lmodd az \u00e1lmunkat \u00fajra,<br \/>\nm\u00e9g nem kell, hogy v\u00e9ge legyen.<br \/>\nGyere \u00e9s \u00e1lmodd az \u00e1lmunkat \u00fajra,<br \/>\ncsak n\u00e9zz r\u00e1m \u00e9s fogd a kezem!<br \/>\nB\u00e1nok m\u00e1r mindent, \u00e9s nagyon f\u00e1j itt bent,<br \/>\nez az eg\u00e9sz nekem!<br \/>\nH\u00e1t gyere \u00e9s \u00e1lmodd az \u00e1lmunkat \u00fajra velem!<\/p>\n<p>Most megtanulhatom \u00fajra,<br \/>\nhogyan \u00e9ltem n\u00e9lk\u00fcled,<br \/>\nhogyan higgyem el, hogy t\u00f6bb\u00e9,<br \/>\nm\u00e1r nem lehetek veled.<br \/>\nKev\u00e9s volt m\u00e9g bel\u0151led,<br \/>\nminden percben hi\u00e1nyzol.<br \/>\nK\u00e9rlek, ne l\u00e9gy s\u00fcket, ha hallod,<br \/>\nhogy ez a dal csak neked sz\u00f3l.<\/p>\n<p>Gyere \u00e9s \u00e1lmodd az \u00e1lomunk \u00fajra,<br \/>\nm\u00e9g nem kell, hogy v\u00e9ge legyen.<br \/>\nGyere \u00e9s \u00e1lmodd az \u00e1lmunkat \u00fajra,<br \/>\ncsak n\u00e9zz r\u00e1m \u00e9s fogd a kezem.<br \/>\nB\u00e1nok m\u00e1r mindent \u00e9s nagyon f\u00e1j itt bent,<br \/>\nez az eg\u00e9sz nekem!<br \/>\nH\u00e1t gyere \u00e9s \u00e1lmodd az \u00e1lmunkat \u00fajra velem!<br \/>\n&#8212;Sz\u00f3l\u00f3&#8212;<br \/>\nGyere \u00e9s \u00e1lmodd az \u00e1lomunk \u00fajra,<br \/>\nm\u00e9g nem kell, hogy v\u00e9ge legyen.<br \/>\nGyere \u00e9s \u00e1lmodd az \u00e1lmunkat \u00fajra,<br \/>\ncsak n\u00e9zz r\u00e1m \u00e9s fogd a kezem.<br \/>\nB\u00e1nok m\u00e1r mindent \u00e9s nagyon f\u00e1j itt bent,<br \/>\nez az eg\u00e9sz nekem!<br \/>\nH\u00e1t gyere \u00e9s \u00e1lmodd az \u00e1lmunkat \u00fajra velem!<br \/>\nGyere \u00e9s \u00e1lmodd az \u00e1lomunk \u00fajra,<br \/>\nm\u00e9g nem kell, hogy v\u00e9ge legyen.<br \/>\nGyere \u00e9s \u00e1lmodd az \u00e1lmunkat \u00fajra,<br \/>\ncsak n\u00e9zz r\u00e1m \u00e9s fogd a kezem.<br \/>\nB\u00e1nok m\u00e1r mindent \u00e9s nagyon f\u00e1j itt bent,<br \/>\nez az eg\u00e9sz nekem!<br \/>\nH\u00e1t gyere \u00e9s \u00e1lmodd az \u00e1lmunkat \u00fajra velem!<br \/>\n&#8212;V\u00e9ge&#8212;<\/p>\n","protected":false},"featured_media":9761,"template":"","meta":{"site-sidebar-layout":"default","site-content-layout":"default","ast-site-content-layout":"","site-content-style":"default","site-sidebar-style":"default","ast-global-header-display":"","ast-banner-title-visibility":"","ast-main-header-display":"","ast-hfb-above-header-display":"","ast-hfb-below-header-display":"","ast-hfb-mobile-header-display":"","site-post-title":"","ast-breadcrumbs-content":"","ast-featured-img":"","footer-sml-layout":"","theme-transparent-header-meta":"default","adv-header-id-meta":"","stick-header-meta":"","header-above-stick-meta":"","header-main-stick-meta":"","header-below-stick-meta":"","astra-migrate-meta-layouts":"default","ast-page-background-enabled":"default","ast-page-background-meta":{"desktop":{"background-color":"var(--ast-global-color-4)","background-image":"","background-repeat":"repeat","background-position":"center center","background-size":"auto","background-attachment":"scroll","background-type":"","background-media":"","overlay-type":"","overlay-color":"","overlay-opacity":"","overlay-gradient":""},"tablet":{"background-color":"","background-image":"","background-repeat":"repeat","background-position":"center center","background-size":"auto","background-attachment":"scroll","background-type":"","background-media":"","overlay-type":"","overlay-color":"","overlay-opacity":"","overlay-gradient":""},"mobile":{"background-color":"","background-image":"","background-repeat":"repeat","background-position":"center center","background-size":"auto","background-attachment":"scroll","background-type":"","background-media":"","overlay-type":"","overlay-color":"","overlay-opacity":"","overlay-gradient":""}},"ast-content-background-meta":{"desktop":{"background-color":"var(--ast-global-color-5)","background-image":"","background-repeat":"repeat","background-position":"center center","background-size":"auto","background-attachment":"scroll","background-type":"","background-media":"","overlay-type":"","overlay-color":"","overlay-opacity":"","overlay-gradient":""},"tablet":{"background-color":"var(--ast-global-color-5)","background-image":"","background-repeat":"repeat","background-position":"center center","background-size":"auto","background-attachment":"scroll","background-type":"","background-media":"","overlay-type":"","overlay-color":"","overlay-opacity":"","overlay-gradient":""},"mobile":{"background-color":"var(--ast-global-color-5)","background-image":"","background-repeat":"repeat","background-position":"center center","background-size":"auto","background-attachment":"scroll","background-type":"","background-media":"","overlay-type":"","overlay-color":"","overlay-opacity":"","overlay-gradient":""}}},"product_cat":[48],"product_tag":[],"class_list":["post-10745","product","type-product","status-publish","has-post-thumbnail","hentry","product_cat-sunkaraoke-dalok","desktop-align-left","tablet-align-left","mobile-align-left"],"_links":{"self":[{"href":"https:\/\/www.sunkaraoke.hu\/index.php\/wp-json\/wp\/v2\/product\/10745","targetHints":{"allow":["GET"]}}],"collection":[{"href":"https:\/\/www.sunkaraoke.hu\/index.php\/wp-json\/wp\/v2\/product"}],"about":[{"href":"https:\/\/www.sunkaraoke.hu\/index.php\/wp-json\/wp\/v2\/types\/product"}],"wp:featuredmedia":[{"embeddable":true,"href":"https:\/\/www.sunkaraoke.hu\/index.php\/wp-json\/wp\/v2\/media\/9761"}],"wp:attachment":[{"href":"https:\/\/www.sunkaraoke.hu\/index.php\/wp-json\/wp\/v2\/media?parent=10745"}],"wp:term":[{"taxonomy":"product_cat","embeddable":true,"href":"https:\/\/www.sunkaraoke.hu\/index.php\/wp-json\/wp\/v2\/product_cat?post=10745"},{"taxonomy":"product_tag","embeddable":true,"href":"https:\/\/www.sunkaraoke.hu\/index.php\/wp-json\/wp\/v2\/product_tag?post=10745"}],"curies":[{"name":"wp","href":"https:\/\/api.w.org\/{rel}","templated":true}]}}