{"id":10735,"date":"2023-02-13T14:40:57","date_gmt":"2023-02-13T14:40:57","guid":{"rendered":"https:\/\/www.sunkaraoke.hu\/?post_type=product&#038;p=10735"},"modified":"2025-04-02T10:47:03","modified_gmt":"2025-04-02T10:47:03","slug":"zambo-jimmy-csak-vallomas-a-szelben-2023-pb-cover","status":"publish","type":"product","link":"https:\/\/www.sunkaraoke.hu\/index.php\/termek\/zambo-jimmy-csak-vallomas-a-szelben-2023-pb-cover\/","title":{"rendered":"<div class=\"wcmp-player-container product-10735\"><audio controlslist=\"nodownload\" data-product=\"10735\"  volume=\"1\"  preload=\"none\" data-lazyloading=\"none\" class=\"wcmp-player track mejs-classic\" data-duration=\"0:32\" data-estimated_duration=\"4\"><source src=\"https:\/\/www.sunkaraoke.hu\/wp-content\/uploads\/2023\/02\/Csak-egy-vallomas-2023-demo2.mp3\" type=\"audio\/mp3\" \/><\/audio><\/div>Z\u00e1mb\u00f3 Jimmy &#8211; Csak egy vallom\u00e1s a sz\u00e9lben (PB. Edition)"},"content":{"rendered":"<p><strong>03:42<\/strong>\u00a0| <strong><img loading=\"lazy\" decoding=\"async\" class=\"alignnone size-full wp-image-467\" src=\"https:\/\/www.sunkaraoke.hu\/wp-content\/uploads\/2022\/07\/choir_2-copy.webp\" alt=\"\" width=\"30\" height=\"30\" \/> <strong> | <img decoding=\"async\" src=\"https:\/\/www.sunkaraoke.hu\/wp-content\/uploads\/2022\/07\/transzponalas.webp\" \/> +4<\/strong><\/strong><\/p>\n<p>&nbsp;<\/p>\n<p>&nbsp;<\/p>\n","protected":false},"excerpt":{"rendered":"<h6><strong>Bits\u0171r\u0171s\u00e9g: 320kb\/s<\/strong><br \/>\n<strong>Hossz: 03:42<\/strong><\/h6>\n<h6><strong>Vok\u00e1t tartalmaz: Nem\u00a0 <img loading=\"lazy\" decoding=\"async\" class=\"alignnone size-full wp-image-467\" src=\"http:\/\/www.sunkaraoke.hu\/wp-content\/uploads\/2022\/07\/choir_2-copy.png\" alt=\"\" width=\"30\" height=\"30\" \/> \u00a0<\/strong><\/h6>\n<h6><strong>Transzpon\u00e1l\u00e1s\u00a0 +4\u00a0 <img decoding=\"async\" src=\"https:\/\/www.sunkaraoke.hu\/wp-content\/uploads\/2022\/07\/transzponalas.png\" \/><\/strong><\/h6>\n<p>Sunkaraoke mp3 st\u00fadi\u00f3 \/ www.sunkaraoke.hu \/ Inf: Tel: 06 20 4275001<\/p>\n<p>&#8212;Intr\u00f3&#8212;\u00a0 \u00a0 (( Es&#8211;C)<\/p>\n<p>Amikor messze vagyok,<br \/>\ns magamt\u00f3l t\u00e1volodom,<br \/>\ns valahogy semmit nem k\u00edv\u00e1nok.<br \/>\nAmikor semmi se kell,<br \/>\nszavamat sz\u00e9l viszi el,<br \/>\na Hold f\u00e9ny\u00e9t m\u00e1r k\u00f6nnyes szemmel l\u00e1tom.<\/p>\n<p>Csak egy vallom\u00e1s a sz\u00e9lben,<br \/>\ncsak egy vallom\u00e1s az \u00e9jben,<br \/>\ncsak egy vallom\u00e1s, mit a sz\u00e9llel k\u00fcld\u00f6k el.<br \/>\nCsak egy vallom\u00e1s a sz\u00e9lben,<br \/>\ncsak egy vallom\u00e1s az \u00e9jben,<br \/>\ncsak egy vallom\u00e1s, mit a sz\u00e9llel k\u00fcld\u00f6k el.<br \/>\n&#8212;Sz\u00f3l\u00f3&#8212;<br \/>\nAmikor f\u00e1j a sz\u00edvem,<br \/>\ns a szemem az \u00e9gre viszem,<br \/>\nuram h\u00e1t ki seg\u00edt,hogy elfelejtsek mindent.<br \/>\nTe tudod mily rossz nekem,<br \/>\nmilyen az \u00e9n \u00e9letem,<br \/>\nh\u00e1t t\u00e9gy velem, t\u00e9gy velem, b\u00e1rmit az j\u00f3 nekem.<\/p>\n<p>Csak egy vallom\u00e1s a sz\u00e9lben,<br \/>\ncsak egy vallom\u00e1s az \u00e9jben,<br \/>\ncsak egy vallom\u00e1s, mit a sz\u00e9llel k\u00fcld\u00f6k el.<br \/>\nCsak egy vallom\u00e1s a sz\u00e9lben,<br \/>\ncsak egy vallom\u00e1s az \u00e9jben,<br \/>\ncsak egy vallom\u00e1s, mit a sz\u00e9llel k\u00fcld\u00f6k el.<br \/>\n&#8212;Sz\u00f3l\u00f3&#8212;<br \/>\nAmikor f\u00e1j a sz\u00edvem,<br \/>\ns a szemem az \u00e9gre viszem,<br \/>\nuram h\u00e1t ki seg\u00edt,hogy elfelejtsek mindent.<br \/>\nTe tudod mily rossz nekem,<br \/>\nmilyen az \u00e9n \u00e9letem,<br \/>\nh\u00e1t t\u00e9gy velem, t\u00e9gy velem, b\u00e1rmit az j\u00f3 nekem.<\/p>\n<p>Csak egy vallom\u00e1s a sz\u00e9lben,<br \/>\ncsak egy vallom\u00e1s az \u00e9jben,<br \/>\ncsak egy vallom\u00e1s, mit a sz\u00e9llel k\u00fcld\u00f6k el.<br \/>\nCsak egy vallom\u00e1s a sz\u00e9lben,<br \/>\ncsak egy vallom\u00e1s az \u00e9jben,<br \/>\ncsak egy vallom\u00e1s, mit a sz\u00e9llel k\u00fcld\u00f6k el.<br \/>\nCsak egy vallom\u00e1s a sz\u00e9lben,<br \/>\ncsak egy vallom\u00e1s az \u00e9jben,<br \/>\ncsak egy vallom\u00e1s, mit a sz\u00e9llel k\u00fcld\u00f6k el.<br \/>\nCsak egy vallom\u00e1s a sz\u00e9lben,<br \/>\ncsak egy vallom\u00e1s az \u00e9jben,<br \/>\ncsak egy vallom\u00e1s, mit a sz\u00e9llel k\u00fcld\u00f6k el.<br \/>\n&#8212;V\u00e9ge&#8212;<\/p>\n<p>&nbsp;<\/p>\n","protected":false},"featured_media":9274,"template":"","meta":{"site-sidebar-layout":"default","site-content-layout":"default","ast-site-content-layout":"default","site-content-style":"default","site-sidebar-style":"default","ast-global-header-display":"","ast-banner-title-visibility":"","ast-main-header-display":"","ast-hfb-above-header-display":"","ast-hfb-below-header-display":"","ast-hfb-mobile-header-display":"","site-post-title":"","ast-breadcrumbs-content":"","ast-featured-img":"","footer-sml-layout":"","theme-transparent-header-meta":"default","adv-header-id-meta":"","stick-header-meta":"","header-above-stick-meta":"","header-main-stick-meta":"","header-below-stick-meta":"","astra-migrate-meta-layouts":"set","ast-page-background-enabled":"default","ast-page-background-meta":{"desktop":{"background-color":"var(--ast-global-color-4)","background-image":"","background-repeat":"repeat","background-position":"center center","background-size":"auto","background-attachment":"scroll","background-type":"","background-media":"","overlay-type":"","overlay-color":"","overlay-opacity":"","overlay-gradient":""},"tablet":{"background-color":"","background-image":"","background-repeat":"repeat","background-position":"center center","background-size":"auto","background-attachment":"scroll","background-type":"","background-media":"","overlay-type":"","overlay-color":"","overlay-opacity":"","overlay-gradient":""},"mobile":{"background-color":"","background-image":"","background-repeat":"repeat","background-position":"center center","background-size":"auto","background-attachment":"scroll","background-type":"","background-media":"","overlay-type":"","overlay-color":"","overlay-opacity":"","overlay-gradient":""}},"ast-content-background-meta":{"desktop":{"background-color":"var(--ast-global-color-5)","background-image":"","background-repeat":"repeat","background-position":"center center","background-size":"auto","background-attachment":"scroll","background-type":"","background-media":"","overlay-type":"","overlay-color":"","overlay-opacity":"","overlay-gradient":""},"tablet":{"background-color":"var(--ast-global-color-5)","background-image":"","background-repeat":"repeat","background-position":"center center","background-size":"auto","background-attachment":"scroll","background-type":"","background-media":"","overlay-type":"","overlay-color":"","overlay-opacity":"","overlay-gradient":""},"mobile":{"background-color":"var(--ast-global-color-5)","background-image":"","background-repeat":"repeat","background-position":"center center","background-size":"auto","background-attachment":"scroll","background-type":"","background-media":"","overlay-type":"","overlay-color":"","overlay-opacity":"","overlay-gradient":""}}},"product_cat":[48],"product_tag":[],"class_list":["post-10735","product","type-product","status-publish","has-post-thumbnail","hentry","product_cat-sunkaraoke-dalok","desktop-align-left","tablet-align-left","mobile-align-left"],"_links":{"self":[{"href":"https:\/\/www.sunkaraoke.hu\/index.php\/wp-json\/wp\/v2\/product\/10735","targetHints":{"allow":["GET"]}}],"collection":[{"href":"https:\/\/www.sunkaraoke.hu\/index.php\/wp-json\/wp\/v2\/product"}],"about":[{"href":"https:\/\/www.sunkaraoke.hu\/index.php\/wp-json\/wp\/v2\/types\/product"}],"wp:featuredmedia":[{"embeddable":true,"href":"https:\/\/www.sunkaraoke.hu\/index.php\/wp-json\/wp\/v2\/media\/9274"}],"wp:attachment":[{"href":"https:\/\/www.sunkaraoke.hu\/index.php\/wp-json\/wp\/v2\/media?parent=10735"}],"wp:term":[{"taxonomy":"product_cat","embeddable":true,"href":"https:\/\/www.sunkaraoke.hu\/index.php\/wp-json\/wp\/v2\/product_cat?post=10735"},{"taxonomy":"product_tag","embeddable":true,"href":"https:\/\/www.sunkaraoke.hu\/index.php\/wp-json\/wp\/v2\/product_tag?post=10735"}],"curies":[{"name":"wp","href":"https:\/\/api.w.org\/{rel}","templated":true}]}}