{"id":10670,"date":"2023-02-01T12:45:48","date_gmt":"2023-02-01T12:45:48","guid":{"rendered":"https:\/\/www.sunkaraoke.hu\/?post_type=product&#038;p=10670"},"modified":"2025-07-06T10:51:57","modified_gmt":"2025-07-06T08:51:57","slug":"dolly-rolly-abrandos-szep-napok-2023-pb-cover","status":"publish","type":"product","link":"https:\/\/www.sunkaraoke.hu\/index.php\/termek\/dolly-rolly-abrandos-szep-napok-2023-pb-cover\/","title":{"rendered":"<div class=\"wcmp-player-container product-10670\"><audio controlslist=\"nodownload\" data-product=\"10670\"  volume=\"1\"  preload=\"none\" data-lazyloading=\"none\" class=\"wcmp-player track mejs-classic\" data-duration=\"0:30\" data-estimated_duration=\"3\"><source src=\"https:\/\/www.sunkaraoke.hu\/wp-content\/uploads\/2023\/02\/Abrandos-szep-napok-2023_demo.mp3\" type=\"audio\/mp3\" \/><\/audio><\/div>Dolly Rolly &#8211; \u00c1br\u00e1ndos sz\u00e9p napok 2023. ( PB. Cover)"},"content":{"rendered":"<p><strong>03:56<\/strong>\u00a0\/\u00a0 <strong><img loading=\"lazy\" decoding=\"async\" class=\"alignnone size-full wp-image-467\" src=\"https:\/\/www.sunkaraoke.hu\/wp-content\/uploads\/2022\/07\/choir_2-copy.webp\" alt=\"\" width=\"30\" height=\"30\" \/> \/\u00a0 <img decoding=\"async\" src=\"https:\/\/www.sunkaraoke.hu\/wp-content\/uploads\/2022\/07\/transzponalas.webp\" \/>\u00a0 &#8211; 5<\/strong><\/p>\n","protected":false},"excerpt":{"rendered":"<h6><strong>Bits\u0171r\u0171s\u00e9g: 320 kb\/s<\/strong><br \/>\n<strong>Hossz: 03:56<\/strong><\/h6>\n<h6><strong>Vok\u00e1lt tartalmaz: Nem <img loading=\"lazy\" decoding=\"async\" class=\"alignnone size-full wp-image-467\" src=\"http:\/\/www.sunkaraoke.hu\/wp-content\/uploads\/2022\/07\/choir_2-copy.png\" alt=\"\" width=\"30\" height=\"30\" \/><\/strong><\/h6>\n<h6><strong>Transzpon\u00e1l\u00e1s: <img decoding=\"async\" src=\"https:\/\/www.sunkaraoke.hu\/wp-content\/uploads\/2022\/07\/transzponalas.png\" \/> &#8211; 5<\/strong><\/h6>\n<p>Sunkaraoke mp3 st\u00fadi\u00f3 \/ www.sunkaraoke.hu \/ Inf: Tel: 06 20 4275001<\/p>\n<p>&#8212;Intr\u00f3&#8212;<br \/>\nBar\u00e1tokkal gyakran \u00f6sszej\u00f6tt\u00fcnk,<br \/>\nkutattuk a f\u00e9nyes, sz\u00e9p j\u00f6v\u0151t.<br \/>\nMindenf\u00e9le nagy terveket sz\u0151tt\u00fcnk,<br \/>\nmit k\u00f6nnyed\u00e9n majd v\u00e9ghez is visz\u00fcnk.<\/p>\n<p>\u00c1br\u00e1ndos sz\u00e9p napok,l\u00e1zong\u00f3 \u00e9jszak\u00e1k,<br \/>\nnem hittem el,hogy m\u00e1sk\u00e9pp is lehet.<br \/>\nElv\u00e1lnak \u00fatjaink,v\u00e1ltoznak v\u00e1gyaink,<br \/>\ncsak hinni kell,s a rem\u00e9ny visz tov\u00e1bb.<br \/>\n\u00c1br\u00e1ndos sz\u00e9p napok,l\u00e1zong\u00f3 \u00e9jszak\u00e1k,<br \/>\nnem hittem el,hogy m\u00e1sk\u00e9pp is lehet.<br \/>\nElv\u00e1lnak \u00fatjaink,v\u00e1ltoznak v\u00e1gyaink,<br \/>\ncsak hinni kell,s a rem\u00e9ny visz tov\u00e1bb.<br \/>\n&#8212;Sz\u00f3l\u00f3&#8212;<br \/>\nSzenved\u00e9llyel vit\u00e1ztunk a m\u00e1r\u00f3l,<br \/>\nelragadtak gondolataink.<br \/>\nMulattunk, de s\u00edrva \u00e9nekelt\u00fcnk,<br \/>\nt\u00e1n sejtett\u00fck,hogy lesznek k\u00ednjaink.<\/p>\n<p>\u00c1br\u00e1ndos sz\u00e9p napok,l\u00e1zong\u00f3 \u00e9jszak\u00e1k,<br \/>\nnem hittem el,hogy m\u00e1sk\u00e9pp is lehet.<br \/>\nElv\u00e1lnak \u00fatjaink,v\u00e1ltoznak v\u00e1gyaink,<br \/>\nde hinni kell,s a rem\u00e9ny visz tov\u00e1bb.<br \/>\n\u00c1br\u00e1ndos sz\u00e9p napok,l\u00e1zong\u00f3 \u00e9jszak\u00e1k,<br \/>\nnem hittem el,hogy m\u00e1sk\u00e9pp is lehet.<br \/>\nElv\u00e1lnak \u00fatjaink,v\u00e1ltoznak v\u00e1gyaink,<br \/>\nde hinni kell,s a rem\u00e9ny visz tov\u00e1bb.<br \/>\n&#8212;Sz\u00f3l\u00f3&#8211;<br \/>\nLelkesed\u00fcnk, tagadunk \u00e9s b\u00edzunk,<br \/>\n\u00e1lmainknak v\u00e9get nem szabunk.<br \/>\nM\u00e9gis, ahogy elsz\u00e1llnak az \u00e9vek,<br \/>\nvisszahozni semmit nem tudunk.<\/p>\n<p>\u00c1br\u00e1ndos sz\u00e9p napok,l\u00e1zong\u00f3 \u00e9jszak\u00e1k,<br \/>\nnem hittem el,hogy m\u00e1sk\u00e9pp is lehet.<br \/>\nElv\u00e1lnak \u00fatjaink,v\u00e1ltoznak v\u00e1gyaink,<br \/>\nmost hinni kell,s a rem\u00e9ny visz tov\u00e1bb.<br \/>\n\u00c1br\u00e1ndos sz\u00e9p napok,l\u00e1zong\u00f3 \u00e9jszak\u00e1k,<br \/>\nnem hittem el,hogy m\u00e1sk\u00e9pp is lehet.<br \/>\nElv\u00e1lnak \u00fatjaink,v\u00e1ltoznak v\u00e1gyaink,<br \/>\nmost hinni kell,s a rem\u00e9ny visz tov\u00e1bb.<br \/>\n\u00c1br\u00e1ndos sz\u00e9p napok,l\u00e1zong\u00f3 \u00e9jszak\u00e1k,<br \/>\nnem hittem el,hogy m\u00e1sk\u00e9pp is lehet.<br \/>\nElv\u00e1lnak \u00fatjaink,v\u00e1ltoznak v\u00e1gyaink,<br \/>\nmost hinni kell,s a rem\u00e9ny visz tov\u00e1bb.<br \/>\n\u00c1br\u00e1ndos sz\u00e9p napok,l\u00e1zong\u00f3 \u00e9jszak\u00e1k,<br \/>\nnem hittem el,hogy m\u00e1sk\u00e9pp is lehet.<br \/>\nElv\u00e1lnak \u00fatjaink,v\u00e1ltoznak v\u00e1gyaink,<br \/>\nmost hinni kell,s a rem\u00e9ny visz tov\u00e1bb.<br \/>\n&#8212;V\u00e9ge&#8212;<\/p>\n<p>&nbsp;<\/p>\n","protected":false},"featured_media":9300,"template":"","meta":{"site-sidebar-layout":"default","site-content-layout":"default","ast-site-content-layout":"","site-content-style":"default","site-sidebar-style":"default","ast-global-header-display":"","ast-banner-title-visibility":"","ast-main-header-display":"","ast-hfb-above-header-display":"","ast-hfb-below-header-display":"","ast-hfb-mobile-header-display":"","site-post-title":"","ast-breadcrumbs-content":"","ast-featured-img":"","footer-sml-layout":"","theme-transparent-header-meta":"default","adv-header-id-meta":"","stick-header-meta":"","header-above-stick-meta":"","header-main-stick-meta":"","header-below-stick-meta":"","astra-migrate-meta-layouts":"default","ast-page-background-enabled":"default","ast-page-background-meta":{"desktop":{"background-color":"var(--ast-global-color-4)","background-image":"","background-repeat":"repeat","background-position":"center center","background-size":"auto","background-attachment":"scroll","background-type":"","background-media":"","overlay-type":"","overlay-color":"","overlay-opacity":"","overlay-gradient":""},"tablet":{"background-color":"","background-image":"","background-repeat":"repeat","background-position":"center center","background-size":"auto","background-attachment":"scroll","background-type":"","background-media":"","overlay-type":"","overlay-color":"","overlay-opacity":"","overlay-gradient":""},"mobile":{"background-color":"","background-image":"","background-repeat":"repeat","background-position":"center center","background-size":"auto","background-attachment":"scroll","background-type":"","background-media":"","overlay-type":"","overlay-color":"","overlay-opacity":"","overlay-gradient":""}},"ast-content-background-meta":{"desktop":{"background-color":"var(--ast-global-color-5)","background-image":"","background-repeat":"repeat","background-position":"center center","background-size":"auto","background-attachment":"scroll","background-type":"","background-media":"","overlay-type":"","overlay-color":"","overlay-opacity":"","overlay-gradient":""},"tablet":{"background-color":"var(--ast-global-color-5)","background-image":"","background-repeat":"repeat","background-position":"center center","background-size":"auto","background-attachment":"scroll","background-type":"","background-media":"","overlay-type":"","overlay-color":"","overlay-opacity":"","overlay-gradient":""},"mobile":{"background-color":"var(--ast-global-color-5)","background-image":"","background-repeat":"repeat","background-position":"center center","background-size":"auto","background-attachment":"scroll","background-type":"","background-media":"","overlay-type":"","overlay-color":"","overlay-opacity":"","overlay-gradient":""}}},"product_cat":[48],"product_tag":[],"class_list":["post-10670","product","type-product","status-publish","has-post-thumbnail","hentry","product_cat-sunkaraoke-dalok","desktop-align-left","tablet-align-left","mobile-align-left"],"_links":{"self":[{"href":"https:\/\/www.sunkaraoke.hu\/index.php\/wp-json\/wp\/v2\/product\/10670","targetHints":{"allow":["GET"]}}],"collection":[{"href":"https:\/\/www.sunkaraoke.hu\/index.php\/wp-json\/wp\/v2\/product"}],"about":[{"href":"https:\/\/www.sunkaraoke.hu\/index.php\/wp-json\/wp\/v2\/types\/product"}],"wp:featuredmedia":[{"embeddable":true,"href":"https:\/\/www.sunkaraoke.hu\/index.php\/wp-json\/wp\/v2\/media\/9300"}],"wp:attachment":[{"href":"https:\/\/www.sunkaraoke.hu\/index.php\/wp-json\/wp\/v2\/media?parent=10670"}],"wp:term":[{"taxonomy":"product_cat","embeddable":true,"href":"https:\/\/www.sunkaraoke.hu\/index.php\/wp-json\/wp\/v2\/product_cat?post=10670"},{"taxonomy":"product_tag","embeddable":true,"href":"https:\/\/www.sunkaraoke.hu\/index.php\/wp-json\/wp\/v2\/product_tag?post=10670"}],"curies":[{"name":"wp","href":"https:\/\/api.w.org\/{rel}","templated":true}]}}