{"id":10661,"date":"2023-01-31T13:28:18","date_gmt":"2023-01-31T13:28:18","guid":{"rendered":"https:\/\/www.sunkaraoke.hu\/?post_type=product&#038;p=10661"},"modified":"2025-04-02T10:47:35","modified_gmt":"2025-04-02T10:47:35","slug":"zambo-jimmy-gondolj-egy-regi-dalra-2023-pb-cover","status":"publish","type":"product","link":"https:\/\/www.sunkaraoke.hu\/index.php\/termek\/zambo-jimmy-gondolj-egy-regi-dalra-2023-pb-cover\/","title":{"rendered":"<div class=\"wcmp-player-container product-10661\"><audio controlslist=\"nodownload\" data-product=\"10661\"  volume=\"1\"  preload=\"none\" data-lazyloading=\"none\" class=\"wcmp-player track mejs-classic\" data-duration=\"0:31\" data-estimated_duration=\"4\"><source src=\"https:\/\/www.sunkaraoke.hu\/wp-content\/uploads\/2023\/01\/Gondolj-egy-regi-2023.-_demo.mp3\" type=\"audio\/mp3\" \/><\/audio><\/div>Z\u00e1mb\u00f3 Jimmy &#8211; Gondolj egy r\u00e9gi dalra( PB. Edition)"},"content":{"rendered":"<p><strong>03:44<\/strong>\u00a0| <strong><img loading=\"lazy\" decoding=\"async\" class=\"alignnone size-full wp-image-467\" src=\"https:\/\/www.sunkaraoke.hu\/wp-content\/uploads\/2022\/07\/choir_2-copy.webp\" alt=\"\" width=\"30\" height=\"30\" \/> <strong> | <img decoding=\"async\" src=\"https:\/\/www.sunkaraoke.hu\/wp-content\/uploads\/2022\/07\/transzponalas.webp\" \/> -4<\/strong><\/strong><\/p>\n<p>&nbsp;<\/p>\n<p>&nbsp;<\/p>\n","protected":false},"excerpt":{"rendered":"<h6><strong>Bits\u0171r\u0171s\u00e9g: 320kb\/s<\/strong><br \/>\n<strong>Hossz: 03:44<\/strong><\/h6>\n<h6><strong>Vok\u00e1t tartalmaz: Nem\u00a0 <img loading=\"lazy\" decoding=\"async\" class=\"alignnone size-full wp-image-467\" src=\"http:\/\/www.sunkaraoke.hu\/wp-content\/uploads\/2022\/07\/choir_2-copy.png\" alt=\"\" width=\"30\" height=\"30\" \/> \u00a0<\/strong><\/h6>\n<h6><strong>Transzpon\u00e1l\u00e1s\u00a0 -4\u00a0 <img decoding=\"async\" src=\"https:\/\/www.sunkaraoke.hu\/wp-content\/uploads\/2022\/07\/transzponalas.png\" \/><\/strong><\/h6>\n<p>Sunkaraoke mp3 st\u00fadi\u00f3 \/ www.sunkaraoke.hu \/ Inf: Tel: 06 20 4275001<\/p>\n<p>&#8212;Intr\u00f3&#8212;\/\/\/00:28\/\/<br \/>\nEml\u00e9kszel m\u00e9g, egy dal volt mely sz\u00edv\u00fcnkh\u00f6z f\u00e9rt,<br \/>\ns a lelk\u00fcnkben \u00e9lt, sugar baby love me.<br \/>\nR\u00e9gm\u00falt id\u0151 ,s ha meghallom \u00fajb\u00f3l e dalt,<br \/>\n\u00fagy \u00e9rzem \u00e9n, sugar baby love m\u00edg \u00e9l.<br \/>\nB\u00e1r voltak sz\u00e9p napok,sz\u00fclettek \u00faj dalok,<br \/>\nm\u00e9gis \u00fagy gondolom,e dallam sz\u00e1ll fel\u00e9nk.<br \/>\nEml\u00e9kezz h\u00e1t,s ne rohanj a holnap ut\u00e1n,<br \/>\nhisz l\u00e1tja, hogy f\u00e9lsz csak \u00e1ldozatt\u00e1 v\u00e1lsz.<br \/>\nR\u00e9gm\u00falt id\u0151,s ha meghallod \u00fajb\u00f3l e dalt,<br \/>\nbiztos boldog leszel, sugar baby love m\u00edg \u00e9l.<br \/>\n&#8212;Sz\u00f3l\u00f3&#8212;\/\/02:03\/\/<br \/>\nEml\u00e9kszel m\u00e9g, egy dal volt mely sz\u00edv\u00fcnkh\u00f6z f\u00e9rt,<br \/>\ns a lelk\u00fcnkben \u00e9lt, sugar baby love me.<br \/>\nR\u00e9gm\u00falt id\u0151 ,s ha meghallom \u00fajb\u00f3l e dalt,<br \/>\n\u00fagy \u00e9rzem \u00e9n sugar baby love m\u00edg \u00e9l.<br \/>\nB\u00e1r voltak sz\u00e9p napok sz\u00fclettek \u00faj dalok,<br \/>\nm\u00e9gis \u00fagy gondolom,e dallam sz\u00e1ll fel\u00e9nk.<br \/>\nEml\u00e9kezz h\u00e1t,s ne rohanj a holnap ut\u00e1n,<br \/>\nhisz l\u00e1tja, hogy f\u00e9lsz csak \u00e1ldozatt\u00e1 v\u00e1lsz.<br \/>\nR\u00e9gm\u00falt id\u0151,s ha meghallod \u00fajb\u00f3l e dalt,<br \/>\nbiztos boldog leszel, sugar baby love m\u00edg \u00e9l.<br \/>\n&#8212;V\u00e9ge&#8212;<\/p>\n","protected":false},"featured_media":9274,"template":"","meta":{"site-sidebar-layout":"default","site-content-layout":"default","ast-site-content-layout":"default","site-content-style":"default","site-sidebar-style":"default","ast-global-header-display":"","ast-banner-title-visibility":"","ast-main-header-display":"","ast-hfb-above-header-display":"","ast-hfb-below-header-display":"","ast-hfb-mobile-header-display":"","site-post-title":"","ast-breadcrumbs-content":"","ast-featured-img":"","footer-sml-layout":"","theme-transparent-header-meta":"default","adv-header-id-meta":"","stick-header-meta":"","header-above-stick-meta":"","header-main-stick-meta":"","header-below-stick-meta":"","astra-migrate-meta-layouts":"set","ast-page-background-enabled":"default","ast-page-background-meta":{"desktop":{"background-color":"var(--ast-global-color-4)","background-image":"","background-repeat":"repeat","background-position":"center center","background-size":"auto","background-attachment":"scroll","background-type":"","background-media":"","overlay-type":"","overlay-color":"","overlay-opacity":"","overlay-gradient":""},"tablet":{"background-color":"","background-image":"","background-repeat":"repeat","background-position":"center center","background-size":"auto","background-attachment":"scroll","background-type":"","background-media":"","overlay-type":"","overlay-color":"","overlay-opacity":"","overlay-gradient":""},"mobile":{"background-color":"","background-image":"","background-repeat":"repeat","background-position":"center center","background-size":"auto","background-attachment":"scroll","background-type":"","background-media":"","overlay-type":"","overlay-color":"","overlay-opacity":"","overlay-gradient":""}},"ast-content-background-meta":{"desktop":{"background-color":"var(--ast-global-color-5)","background-image":"","background-repeat":"repeat","background-position":"center center","background-size":"auto","background-attachment":"scroll","background-type":"","background-media":"","overlay-type":"","overlay-color":"","overlay-opacity":"","overlay-gradient":""},"tablet":{"background-color":"var(--ast-global-color-5)","background-image":"","background-repeat":"repeat","background-position":"center center","background-size":"auto","background-attachment":"scroll","background-type":"","background-media":"","overlay-type":"","overlay-color":"","overlay-opacity":"","overlay-gradient":""},"mobile":{"background-color":"var(--ast-global-color-5)","background-image":"","background-repeat":"repeat","background-position":"center center","background-size":"auto","background-attachment":"scroll","background-type":"","background-media":"","overlay-type":"","overlay-color":"","overlay-opacity":"","overlay-gradient":""}}},"product_cat":[48],"product_tag":[],"class_list":["post-10661","product","type-product","status-publish","has-post-thumbnail","hentry","product_cat-sunkaraoke-dalok","desktop-align-left","tablet-align-left","mobile-align-left"],"_links":{"self":[{"href":"https:\/\/www.sunkaraoke.hu\/index.php\/wp-json\/wp\/v2\/product\/10661","targetHints":{"allow":["GET"]}}],"collection":[{"href":"https:\/\/www.sunkaraoke.hu\/index.php\/wp-json\/wp\/v2\/product"}],"about":[{"href":"https:\/\/www.sunkaraoke.hu\/index.php\/wp-json\/wp\/v2\/types\/product"}],"wp:featuredmedia":[{"embeddable":true,"href":"https:\/\/www.sunkaraoke.hu\/index.php\/wp-json\/wp\/v2\/media\/9274"}],"wp:attachment":[{"href":"https:\/\/www.sunkaraoke.hu\/index.php\/wp-json\/wp\/v2\/media?parent=10661"}],"wp:term":[{"taxonomy":"product_cat","embeddable":true,"href":"https:\/\/www.sunkaraoke.hu\/index.php\/wp-json\/wp\/v2\/product_cat?post=10661"},{"taxonomy":"product_tag","embeddable":true,"href":"https:\/\/www.sunkaraoke.hu\/index.php\/wp-json\/wp\/v2\/product_tag?post=10661"}],"curies":[{"name":"wp","href":"https:\/\/api.w.org\/{rel}","templated":true}]}}