{"id":10628,"date":"2023-01-21T11:45:48","date_gmt":"2023-01-21T11:45:48","guid":{"rendered":"https:\/\/www.sunkaraoke.hu\/?post_type=product&#038;p=10628"},"modified":"2025-08-16T06:09:12","modified_gmt":"2025-08-16T04:09:12","slug":"summerlove-keso-uzenet","status":"publish","type":"product","link":"https:\/\/www.sunkaraoke.hu\/index.php\/termek\/summerlove-keso-uzenet\/","title":{"rendered":"<div class=\"wcmp-player-container product-10628\"><audio controlslist=\"nodownload\" data-product=\"10628\"  volume=\"1\"  preload=\"none\" data-lazyloading=\"none\" class=\"wcmp-player track mejs-classic\" data-duration=\"0:31\" data-estimated_duration=\"4\"><source src=\"https:\/\/www.sunkaraoke.hu\/wp-content\/uploads\/2023\/01\/Keso-uzi_demo.mp3\" type=\"audio\/mp3\" \/><\/audio><\/div>Summerlove  &#8211; K\u00e9s\u0151 \u00fczenet (Original)"},"content":{"rendered":"<p><strong>03:17 \/<\/strong> <img decoding=\"async\" src=\"https:\/\/www.sunkaraoke.hu\/wp-content\/uploads\/2022\/07\/choir_1-copy.webp\" \/> \/<\/p>\n","protected":false},"excerpt":{"rendered":"<h6><strong>Bits\u0171r\u0171s\u00e9g: 320Kb\/s<\/strong><br \/>\n<strong>Hossz: 03:17<\/strong><br \/>\n<strong>Vok\u00e1lt tartalmaz: Igen\u00a0 <img decoding=\"async\" src=\"https:\/\/www.sunkaraoke.hu\/wp-content\/uploads\/2022\/07\/choir_1-copy.png\" \/><\/strong><\/h6>\n<p>Sunkaraoke mp3 st\u00fadi\u00f3 \/ www.sunkaraoke.hu \/ Inf: Tel: 06 20 4275001<\/p>\n<p>&#8212;Intr\u00f3&#8212;\/\/\/00:28\/\/<br \/>\nK\u00e9s\u0151 \u00fczenet, egy elk\u00e9sett lev\u00e9l,<br \/>\nmelyben \u00fczenem, hogy nem vagy m\u00e1r eny\u00e9m.<br \/>\nRagyog\u00f3n s\u00fct a nap, \u00e9s szikr\u00e1zik a f\u00e9ny,<br \/>\ncsak a sz\u00edvem szomor\u00fa, ha r\u00e1d gondolok \u00e9n,szeretlek \u00e9n.<br \/>\n&#8212;Sz\u00f3l\u00f3&#8212;\/\/01:11\/\/<br \/>\nEgy k\u00e9s\u0151 \u00e9jszak\u00e1n karomba z\u00e1rtalak,<br \/>\nha nem volt\u00e1l velem, \u00e9n mindig v\u00e1rtalak.<br \/>\nRagyog\u00f3n s\u00fct a nap, \u00e9s szikr\u00e1zik a f\u00e9ny,<br \/>\ncsak a sz\u00edvem szomor\u00fa, ha r\u00e1d gondolok \u00e9n, szeretlek \u00e9n!<br \/>\n&#8212;Sz\u00f3l\u00f3&#8212;\/\/02:15\/\/<br \/>\nA b\u00f6rt\u00f6n ablak\u00e1ba soha nem s\u00fct be a nap,<br \/>\naz \u00e9vek tovasz\u00e1llnak, mint egy m\u00fal\u00f3 pillanat.<br \/>\nRagyog\u00f3n s\u00fct a nap, \u00e9s szikr\u00e1zik a f\u00e9ny,<br \/>\ncsak a sz\u00edvem szomor\u00fa, ha r\u00e1d gondolok \u00e9n,szeretlek \u00e9n!<br \/>\nRagyog\u00f3n s\u00fct a nap, \u00e9s szikr\u00e1zik a f\u00e9ny,<br \/>\ncsak a sz\u00edvem szomor\u00fa, ha r\u00e1d gondolok \u00e9n,szeretlek \u00e9n!<br \/>\n&#8212;V\u00e9ge&#8212;<\/p>\n","protected":false},"featured_media":10626,"template":"","meta":{"site-sidebar-layout":"default","site-content-layout":"default","ast-site-content-layout":"default","site-content-style":"default","site-sidebar-style":"default","ast-global-header-display":"","ast-banner-title-visibility":"","ast-main-header-display":"","ast-hfb-above-header-display":"","ast-hfb-below-header-display":"","ast-hfb-mobile-header-display":"","site-post-title":"","ast-breadcrumbs-content":"","ast-featured-img":"","footer-sml-layout":"","theme-transparent-header-meta":"default","adv-header-id-meta":"","stick-header-meta":"","header-above-stick-meta":"","header-main-stick-meta":"","header-below-stick-meta":"","astra-migrate-meta-layouts":"set","ast-page-background-enabled":"default","ast-page-background-meta":{"desktop":{"background-color":"var(--ast-global-color-4)","background-image":"","background-repeat":"repeat","background-position":"center center","background-size":"auto","background-attachment":"scroll","background-type":"","background-media":"","overlay-type":"","overlay-color":"","overlay-opacity":"","overlay-gradient":""},"tablet":{"background-color":"","background-image":"","background-repeat":"repeat","background-position":"center center","background-size":"auto","background-attachment":"scroll","background-type":"","background-media":"","overlay-type":"","overlay-color":"","overlay-opacity":"","overlay-gradient":""},"mobile":{"background-color":"","background-image":"","background-repeat":"repeat","background-position":"center center","background-size":"auto","background-attachment":"scroll","background-type":"","background-media":"","overlay-type":"","overlay-color":"","overlay-opacity":"","overlay-gradient":""}},"ast-content-background-meta":{"desktop":{"background-color":"var(--ast-global-color-5)","background-image":"","background-repeat":"repeat","background-position":"center center","background-size":"auto","background-attachment":"scroll","background-type":"","background-media":"","overlay-type":"","overlay-color":"","overlay-opacity":"","overlay-gradient":""},"tablet":{"background-color":"var(--ast-global-color-5)","background-image":"","background-repeat":"repeat","background-position":"center center","background-size":"auto","background-attachment":"scroll","background-type":"","background-media":"","overlay-type":"","overlay-color":"","overlay-opacity":"","overlay-gradient":""},"mobile":{"background-color":"var(--ast-global-color-5)","background-image":"","background-repeat":"repeat","background-position":"center center","background-size":"auto","background-attachment":"scroll","background-type":"","background-media":"","overlay-type":"","overlay-color":"","overlay-opacity":"","overlay-gradient":""}}},"product_cat":[46],"product_tag":[],"class_list":["post-10628","product","type-product","status-publish","has-post-thumbnail","hentry","product_cat-eredeti-karaoke-dalok","desktop-align-left","tablet-align-left","mobile-align-left"],"_links":{"self":[{"href":"https:\/\/www.sunkaraoke.hu\/index.php\/wp-json\/wp\/v2\/product\/10628","targetHints":{"allow":["GET"]}}],"collection":[{"href":"https:\/\/www.sunkaraoke.hu\/index.php\/wp-json\/wp\/v2\/product"}],"about":[{"href":"https:\/\/www.sunkaraoke.hu\/index.php\/wp-json\/wp\/v2\/types\/product"}],"wp:featuredmedia":[{"embeddable":true,"href":"https:\/\/www.sunkaraoke.hu\/index.php\/wp-json\/wp\/v2\/media\/10626"}],"wp:attachment":[{"href":"https:\/\/www.sunkaraoke.hu\/index.php\/wp-json\/wp\/v2\/media?parent=10628"}],"wp:term":[{"taxonomy":"product_cat","embeddable":true,"href":"https:\/\/www.sunkaraoke.hu\/index.php\/wp-json\/wp\/v2\/product_cat?post=10628"},{"taxonomy":"product_tag","embeddable":true,"href":"https:\/\/www.sunkaraoke.hu\/index.php\/wp-json\/wp\/v2\/product_tag?post=10628"}],"curies":[{"name":"wp","href":"https:\/\/api.w.org\/{rel}","templated":true}]}}