{"id":10609,"date":"2023-01-20T13:42:38","date_gmt":"2023-01-20T13:42:38","guid":{"rendered":"https:\/\/www.sunkaraoke.hu\/?post_type=product&#038;p=10609"},"modified":"2026-04-18T07:25:16","modified_gmt":"2026-04-18T05:25:16","slug":"zambo-jimmy-varlak-2023","status":"publish","type":"product","link":"https:\/\/www.sunkaraoke.hu\/index.php\/termek\/zambo-jimmy-varlak-2023\/","title":{"rendered":"<div class=\"wcmp-player-container product-10609\"><audio controlslist=\"nodownload\" data-product=\"10609\"  volume=\"1\"  preload=\"none\" data-lazyloading=\"none\" class=\"wcmp-player track mejs-classic\" data-duration=\"0:32\" data-estimated_duration=\"4\"><source src=\"https:\/\/www.sunkaraoke.hu\/wp-content\/uploads\/2023\/01\/Varlak-2023-_demo.mp3\" type=\"audio\/mp3\" \/><\/audio><\/div>Z\u00e1mb\u00f3 Jimmy &#8211; V\u00e1rlak (PB Edition)"},"content":{"rendered":"<p><strong>03:57<\/strong>\u00a0| <strong><img loading=\"lazy\" decoding=\"async\" class=\"alignnone size-full wp-image-467\" src=\"https:\/\/www.sunkaraoke.hu\/wp-content\/uploads\/2022\/07\/choir_2-copy.webp\" alt=\"\" width=\"30\" height=\"30\" \/> <strong> |\u00a0<\/strong><\/strong><\/p>\n","protected":false},"excerpt":{"rendered":"<p><strong>Bits\u0171r\u0171s\u00e9g: 320kb\/s<\/strong><br \/>\n<strong>Hossz: 03:57<\/strong><\/p>\n<p><strong>Vok\u00e1t tartalmaz: Nem\u00a0 <img loading=\"lazy\" decoding=\"async\" class=\"alignnone size-full wp-image-467\" src=\"http:\/\/www.sunkaraoke.hu\/wp-content\/uploads\/2022\/07\/choir_2-copy.png\" alt=\"\" width=\"30\" height=\"30\" \/> \u00a0<\/strong><\/p>\n<p>Sunkaraoke mp3 st\u00fadi\u00f3 \/ www.sunkaraoke.hu \/ Inf: Tel: 06 20 4275001<\/p>\n<p>&#8212;Intr\u00f3&#8212;\/\/00:27\/\/<br \/>\nV\u00e1rlak, \u00f3 v\u00e1rlak,v\u00e1rlak j\u00f6jj h\u00e1t el.<br \/>\nV\u00e1rlak, \u00f3 nagyon v\u00e1rlak,v\u00e1rlak j\u00f6jj h\u00e1t el.<br \/>\nElm\u00falt egy \u00e9jjel, elm\u00falt egy reggel,<br \/>\ns vel\u00fcnk elm\u00falt egy ny\u00e1r.<br \/>\nHogyha volt egy szerelmed,<br \/>\n\u0151rizd a sz\u00edved, s v\u00e1rd.<br \/>\nHa volt egy bar\u00e1tod, ki el\u00e1rult t\u00e9ged,<br \/>\n\u00e9s te nem haragszol m\u00e1r,<br \/>\nakkor \u00e1llj ki a t\u00e9rre,<br \/>\n\u00e9s ki\u00e1ltsd az \u00e9gre, hogy v\u00e1rsz.<br \/>\nV\u00e1rod m\u00e9g a napsug\u00e1rt,<br \/>\nv\u00e1rod m\u00e9g, hogy s\u00fcss\u00f6n r\u00e1d,<br \/>\nv\u00e1rod m\u00e9g a szerelmed,h\u00e1t dalold tov\u00e1bb,<br \/>\nazt a dalt,hogy.<br \/>\nV\u00e1rlak, \u00f3 v\u00e1rlak,v\u00e1rlak j\u00f6jj h\u00e1t el.<br \/>\nV\u00e1rlak, \u00f3 nagyon v\u00e1rlak,v\u00e1rlak j\u00f6jj h\u00e1t el.<br \/>\nHideg az \u00e9jjel, \u00e9s bor\u00fas a reggel,<br \/>\ns \u00fagy \u00e9rzed, elm\u00falt a ny\u00e1r.<br \/>\nAkkor \u00e1llj ki a t\u00e9rre,<br \/>\n\u00e9s ki\u00e1ltsd az \u00e9gre,m\u00e9g v\u00e1rj!<br \/>\nHa volt egy bar\u00e1tod, ki el\u00e1rult t\u00e9ged,<br \/>\n\u00e9s te nem haragszol m\u00e1r,<br \/>\nakkor \u00e1llj ki a t\u00e9rre,<br \/>\n\u00e9s ki\u00e1ltsd az \u00e9gre, hogy v\u00e1rsz.<br \/>\nV\u00e1rlak, \u00f3 v\u00e1rlak,v\u00e1rlak j\u00f6jj h\u00e1t el.<br \/>\nV\u00e1rlak, \u00f3 nagyon v\u00e1rlak,v\u00e1rlak j\u00f6jj h\u00e1t el.<br \/>\nV\u00e1rod m\u00e9g a napsug\u00e1rt,<br \/>\nv\u00e1rod m\u00e9g, hogy s\u00fcss\u00f6n r\u00e1d,<br \/>\nv\u00e1rod m\u00e9g a szerelmed,h\u00e1t dalold tov\u00e1bb,<br \/>\nazt a dalt,hogy.<br \/>\nV\u00e1rlak, \u00f3 v\u00e1rlak,v\u00e1rlak j\u00f6jj h\u00e1t el.<br \/>\nV\u00e1rlak, \u00f3 nagyon v\u00e1rlak,v\u00e1rlak j\u00f6jj h\u00e1t el.<br \/>\nV\u00e1rlak, \u00f3 v\u00e1rlak,v\u00e1rlak j\u00f6jj h\u00e1t el.<br \/>\nV\u00e1rlak, \u00f3 nagyon v\u00e1rlak,v\u00e1rlak j\u00f6jj h\u00e1t el.<br \/>\n&#8212;V\u00e9ge&#8212;<\/p>\n<p>&nbsp;<\/p>\n","protected":false},"featured_media":9274,"template":"","meta":{"site-sidebar-layout":"default","site-content-layout":"default","ast-site-content-layout":"default","site-content-style":"default","site-sidebar-style":"default","ast-global-header-display":"","ast-banner-title-visibility":"","ast-main-header-display":"","ast-hfb-above-header-display":"","ast-hfb-below-header-display":"","ast-hfb-mobile-header-display":"","site-post-title":"","ast-breadcrumbs-content":"","ast-featured-img":"","footer-sml-layout":"","theme-transparent-header-meta":"default","adv-header-id-meta":"","stick-header-meta":"","header-above-stick-meta":"","header-main-stick-meta":"","header-below-stick-meta":"","astra-migrate-meta-layouts":"set","ast-page-background-enabled":"default","ast-page-background-meta":{"desktop":{"background-color":"var(--ast-global-color-4)","background-image":"","background-repeat":"repeat","background-position":"center center","background-size":"auto","background-attachment":"scroll","background-type":"","background-media":"","overlay-type":"","overlay-color":"","overlay-opacity":"","overlay-gradient":""},"tablet":{"background-color":"","background-image":"","background-repeat":"repeat","background-position":"center center","background-size":"auto","background-attachment":"scroll","background-type":"","background-media":"","overlay-type":"","overlay-color":"","overlay-opacity":"","overlay-gradient":""},"mobile":{"background-color":"","background-image":"","background-repeat":"repeat","background-position":"center center","background-size":"auto","background-attachment":"scroll","background-type":"","background-media":"","overlay-type":"","overlay-color":"","overlay-opacity":"","overlay-gradient":""}},"ast-content-background-meta":{"desktop":{"background-color":"var(--ast-global-color-5)","background-image":"","background-repeat":"repeat","background-position":"center center","background-size":"auto","background-attachment":"scroll","background-type":"","background-media":"","overlay-type":"","overlay-color":"","overlay-opacity":"","overlay-gradient":""},"tablet":{"background-color":"var(--ast-global-color-5)","background-image":"","background-repeat":"repeat","background-position":"center center","background-size":"auto","background-attachment":"scroll","background-type":"","background-media":"","overlay-type":"","overlay-color":"","overlay-opacity":"","overlay-gradient":""},"mobile":{"background-color":"var(--ast-global-color-5)","background-image":"","background-repeat":"repeat","background-position":"center center","background-size":"auto","background-attachment":"scroll","background-type":"","background-media":"","overlay-type":"","overlay-color":"","overlay-opacity":"","overlay-gradient":""}}},"product_cat":[48],"product_tag":[],"class_list":["post-10609","product","type-product","status-publish","has-post-thumbnail","hentry","product_cat-sunkaraoke-dalok","desktop-align-left","tablet-align-left","mobile-align-left"],"_links":{"self":[{"href":"https:\/\/www.sunkaraoke.hu\/index.php\/wp-json\/wp\/v2\/product\/10609","targetHints":{"allow":["GET"]}}],"collection":[{"href":"https:\/\/www.sunkaraoke.hu\/index.php\/wp-json\/wp\/v2\/product"}],"about":[{"href":"https:\/\/www.sunkaraoke.hu\/index.php\/wp-json\/wp\/v2\/types\/product"}],"wp:featuredmedia":[{"embeddable":true,"href":"https:\/\/www.sunkaraoke.hu\/index.php\/wp-json\/wp\/v2\/media\/9274"}],"wp:attachment":[{"href":"https:\/\/www.sunkaraoke.hu\/index.php\/wp-json\/wp\/v2\/media?parent=10609"}],"wp:term":[{"taxonomy":"product_cat","embeddable":true,"href":"https:\/\/www.sunkaraoke.hu\/index.php\/wp-json\/wp\/v2\/product_cat?post=10609"},{"taxonomy":"product_tag","embeddable":true,"href":"https:\/\/www.sunkaraoke.hu\/index.php\/wp-json\/wp\/v2\/product_tag?post=10609"}],"curies":[{"name":"wp","href":"https:\/\/api.w.org\/{rel}","templated":true}]}}