{"id":10587,"date":"2023-01-18T07:19:13","date_gmt":"2023-01-18T07:19:13","guid":{"rendered":"https:\/\/www.sunkaraoke.hu\/?post_type=product&#038;p=10587"},"modified":"2025-04-07T15:16:56","modified_gmt":"2025-04-07T15:16:56","slug":"bodi-guszti-es-a-feketeszemek-kire-csillog-2023-mulatos-cover","status":"publish","type":"product","link":"https:\/\/www.sunkaraoke.hu\/index.php\/termek\/bodi-guszti-es-a-feketeszemek-kire-csillog-2023-mulatos-cover\/","title":{"rendered":"<div class=\"wcmp-player-container product-10587\"><audio controlslist=\"nodownload\" data-product=\"10587\"  volume=\"1\"  preload=\"none\" data-lazyloading=\"none\" class=\"wcmp-player track mejs-classic\" data-duration=\"0:34\" data-estimated_duration=\"4\"><source src=\"https:\/\/www.sunkaraoke.hu\/wp-content\/uploads\/2023\/01\/Kire-csillog-2023-transz-CoverPB._demo.mp3\" type=\"audio\/mp3\" \/><\/audio><\/div>B\u00f3di Guszti \u00e9s a Feketeszemek &#8211; Kire csillog NEW  (PB. Edition)"},"content":{"rendered":"<p><strong>03:29\/ <\/strong>\u00a0<strong><img loading=\"lazy\" decoding=\"async\" class=\"alignnone size-full wp-image-467\" src=\"https:\/\/www.sunkaraoke.hu\/wp-content\/uploads\/2022\/07\/choir_2-copy.webp\" alt=\"\" width=\"30\" height=\"30\" \/>\u00a0 \/ <img decoding=\"async\" src=\"https:\/\/www.sunkaraoke.hu\/wp-content\/uploads\/2022\/07\/transzponalas.webp\" \/> +4 \/<\/strong><\/p>\n","protected":false},"excerpt":{"rendered":"<h6><strong>Bits\u0171r\u0171s\u00e9g: 320 kb\/s<\/strong><br \/>\n<strong>Hossz: 03:29<\/strong><br \/>\n<strong>Vok\u00e1lt tartalmaz: Nem <img loading=\"lazy\" decoding=\"async\" class=\"alignnone size-full wp-image-467\" src=\"http:\/\/www.sunkaraoke.hu\/wp-content\/uploads\/2022\/07\/choir_2-copy.png\" alt=\"\" width=\"30\" height=\"30\" \/><\/strong><\/h6>\n<h6><strong>Transzpon\u00e1l\u00e1s:<img decoding=\"async\" src=\"https:\/\/www.sunkaraoke.hu\/wp-content\/uploads\/2022\/07\/transzponalas.png\" \/>\u00a0 +4<\/strong><\/h6>\n<p>&nbsp;<\/p>\n<p>Sunkaraoke mp3 st\u00fadi\u00f3 \/ www.sunkaraoke.hu \/ Inf: Tel: 06 20 4275001<\/p>\n<p>&#8212;Intr\u00f3&#8212;\/\/00:28\/\/ (Gism)<br \/>\nK\u00f6nnycsepp a szememben,<br \/>\nszerelem a sz\u00edvemben.<br \/>\nAmikor r\u00e1d gondolok,<br \/>\nszemeimb\u0151l a k\u00f6nny csorog.<br \/>\nSzeretn\u00e9lek elfeledni,<br \/>\nde tudom Devla nem lehet.<br \/>\nF\u00e9lt\u00e9kenny\u00e9 tetted a sz\u00edvem,<br \/>\nelfeledni t\u00e9ged nem lehet.<br \/>\nKire csillog a szemed,<br \/>\nkinek mondod szeretlek?<br \/>\nMost hol keresselek,\u00f3h szerelem?<br \/>\nKire csillog a szemed,<br \/>\nkinek mondod szeretlek?<br \/>\nMost hol keresselek,\u00f3h szerelem?<br \/>\n&#8212;Sz\u00f3l\u00f3&#8212;\/\/01:44\/\/<br \/>\nElrep\u00fcln\u00e9k veled messze,<br \/>\nahol soha nem j\u00e1rt\u00e1l.<br \/>\n\u00c1t\u00f6leln\u00e9l csak engem szeretn\u00e9l,<br \/>\nmegb\u00e1nn\u00e1d az \u00f6sszes b\u0171n\u00f6det.<br \/>\nSzeretn\u00e9lek elfeledni,<br \/>\nde tudom Devla nem lehet.<br \/>\nF\u00e9lt\u00e9kenny\u00e9 tetted a sz\u00edvem,<br \/>\nelfeledni t\u00e9ged nem lehet.<br \/>\nKire csillog a szemed,<br \/>\nkinek mondod szeretlek?<br \/>\nMost hol keresselek,\u00f3h szerelem?<br \/>\nKire csillog a szemed,<br \/>\nkinek mondod szeretlek?<br \/>\nMost hol keresselek,\u00f3h szerelem?<br \/>\nKire csillog a szemed,<br \/>\nkinek mondod szeretlek?<br \/>\nMost hol keresselek,\u00f3h szerelem?<br \/>\nKire csillog a szemed,<br \/>\nkinek mondod szeretlek?<br \/>\nMost hol keresselek,\u00f3h szerelem?<br \/>\n&#8212;V\u00e9ge&#8212;<\/p>\n<p>&nbsp;<\/p>\n","protected":false},"featured_media":8719,"template":"","meta":{"site-sidebar-layout":"default","site-content-layout":"default","ast-site-content-layout":"default","site-content-style":"default","site-sidebar-style":"default","ast-global-header-display":"","ast-banner-title-visibility":"","ast-main-header-display":"","ast-hfb-above-header-display":"","ast-hfb-below-header-display":"","ast-hfb-mobile-header-display":"","site-post-title":"","ast-breadcrumbs-content":"","ast-featured-img":"","footer-sml-layout":"","theme-transparent-header-meta":"default","adv-header-id-meta":"","stick-header-meta":"","header-above-stick-meta":"","header-main-stick-meta":"","header-below-stick-meta":"","astra-migrate-meta-layouts":"set","ast-page-background-enabled":"default","ast-page-background-meta":{"desktop":{"background-color":"var(--ast-global-color-4)","background-image":"","background-repeat":"repeat","background-position":"center center","background-size":"auto","background-attachment":"scroll","background-type":"","background-media":"","overlay-type":"","overlay-color":"","overlay-opacity":"","overlay-gradient":""},"tablet":{"background-color":"","background-image":"","background-repeat":"repeat","background-position":"center center","background-size":"auto","background-attachment":"scroll","background-type":"","background-media":"","overlay-type":"","overlay-color":"","overlay-opacity":"","overlay-gradient":""},"mobile":{"background-color":"","background-image":"","background-repeat":"repeat","background-position":"center center","background-size":"auto","background-attachment":"scroll","background-type":"","background-media":"","overlay-type":"","overlay-color":"","overlay-opacity":"","overlay-gradient":""}},"ast-content-background-meta":{"desktop":{"background-color":"var(--ast-global-color-5)","background-image":"","background-repeat":"repeat","background-position":"center center","background-size":"auto","background-attachment":"scroll","background-type":"","background-media":"","overlay-type":"","overlay-color":"","overlay-opacity":"","overlay-gradient":""},"tablet":{"background-color":"var(--ast-global-color-5)","background-image":"","background-repeat":"repeat","background-position":"center center","background-size":"auto","background-attachment":"scroll","background-type":"","background-media":"","overlay-type":"","overlay-color":"","overlay-opacity":"","overlay-gradient":""},"mobile":{"background-color":"var(--ast-global-color-5)","background-image":"","background-repeat":"repeat","background-position":"center center","background-size":"auto","background-attachment":"scroll","background-type":"","background-media":"","overlay-type":"","overlay-color":"","overlay-opacity":"","overlay-gradient":""}}},"product_cat":[48],"product_tag":[],"class_list":["post-10587","product","type-product","status-publish","has-post-thumbnail","hentry","product_cat-sunkaraoke-dalok","desktop-align-left","tablet-align-left","mobile-align-left"],"_links":{"self":[{"href":"https:\/\/www.sunkaraoke.hu\/index.php\/wp-json\/wp\/v2\/product\/10587","targetHints":{"allow":["GET"]}}],"collection":[{"href":"https:\/\/www.sunkaraoke.hu\/index.php\/wp-json\/wp\/v2\/product"}],"about":[{"href":"https:\/\/www.sunkaraoke.hu\/index.php\/wp-json\/wp\/v2\/types\/product"}],"wp:featuredmedia":[{"embeddable":true,"href":"https:\/\/www.sunkaraoke.hu\/index.php\/wp-json\/wp\/v2\/media\/8719"}],"wp:attachment":[{"href":"https:\/\/www.sunkaraoke.hu\/index.php\/wp-json\/wp\/v2\/media?parent=10587"}],"wp:term":[{"taxonomy":"product_cat","embeddable":true,"href":"https:\/\/www.sunkaraoke.hu\/index.php\/wp-json\/wp\/v2\/product_cat?post=10587"},{"taxonomy":"product_tag","embeddable":true,"href":"https:\/\/www.sunkaraoke.hu\/index.php\/wp-json\/wp\/v2\/product_tag?post=10587"}],"curies":[{"name":"wp","href":"https:\/\/api.w.org\/{rel}","templated":true}]}}