{"id":10538,"date":"2023-01-09T16:35:43","date_gmt":"2023-01-09T16:35:43","guid":{"rendered":"https:\/\/www.sunkaraoke.hu\/?post_type=product&#038;p=10538"},"modified":"2025-04-14T04:56:39","modified_gmt":"2025-04-14T04:56:39","slug":"jerzsele-zoltan-jerzsele-mulatos-mix-15","status":"publish","type":"product","link":"https:\/\/www.sunkaraoke.hu\/index.php\/termek\/jerzsele-zoltan-jerzsele-mulatos-mix-15\/","title":{"rendered":"<div class=\"wcmp-player-container product-10538\"><audio controlslist=\"nodownload\" data-product=\"10538\"  volume=\"1\"  preload=\"none\" data-lazyloading=\"none\" class=\"wcmp-player track mejs-classic\" data-duration=\"0:36\" data-estimated_duration=\"4\"><source src=\"https:\/\/www.sunkaraoke.hu\/wp-content\/uploads\/2023\/01\/Jerzsele-mulatos-mix-15.-Jero_demo.mp3\" type=\"audio\/mp3\" \/><\/audio><\/div>Jerzsele Zolt\u00e1n- Kecskem\u00e9ti kupec fia vagyok \u00e9n (Original)"},"content":{"rendered":"<p><b>04:26<\/b>| <strong><img loading=\"lazy\" decoding=\"async\" class=\"alignnone size-full wp-image-467\" src=\"https:\/\/www.sunkaraoke.hu\/wp-content\/uploads\/2022\/07\/choir_2-copy.webp\" alt=\"\" width=\"30\" height=\"30\" \/> <\/strong><\/p>\n","protected":false},"excerpt":{"rendered":"<h6><strong>Bits\u0171r\u0171s\u00e9g: 160kb\/s &#8211; 320 kb\/s<\/strong><br \/>\n<strong>Hossz: 04:26<\/strong><\/h6>\n<h6><strong>Vok\u00e1lt tartalmaz: Nem<\/strong> <img loading=\"lazy\" decoding=\"async\" class=\"alignnone size-full wp-image-467\" src=\"http:\/\/www.sunkaraoke.hu\/wp-content\/uploads\/2022\/07\/choir_2-copy.png\" alt=\"\" width=\"30\" height=\"30\" \/><strong style=\"font-size: 16px;\"><br \/>\n<\/strong><\/h6>\n<p>Sunkaraoke mp3 st\u00fadi\u00f3 \/ www.sunkaraoke.hu \/ Inf: Tel: 06 20 4275001<\/p>\n<p>&#8212;Intro&#8212;Cm&#8212;<br \/>\n&#8212;Marsch be\u00fct\u00e9s&#8212;<br \/>\n&#8212;F\u00fav\u00f3s&#8212;<br \/>\nKecskem\u00e9ti kupec fia vagyok \u00e9n,<br \/>\nv\u00e1s\u00e1rokr\u00f3l v\u00e1s\u00e1rokra j\u00e1rok \u00e9n.<br \/>\nK\u00f6d el\u0151ttem karjaimban a bab\u00e1m,<br \/>\nh\u00e1tam m\u00f6g\u00f6tt a rezes banda muzsik\u00e1l.<br \/>\nK\u00f6d el\u0151ttem karjaimban a bab\u00e1m,<br \/>\nh\u00e1tam m\u00f6g\u00f6tt a rezes banda muzsik\u00e1l.<br \/>\n&#8212;F\u00fav\u00f3s&#8212;<br \/>\nHa m\u00e9g egyszer t\u00fczes m\u00e9nk\u0171 lehetn\u00e9k,<br \/>\na dabasi kaszin\u00f3ra lecsapn\u00e9k.<br \/>\nAgyon csapn\u00e1m azokat az urakat,<br \/>\nakik engem katon\u00e1nak soroztak.<br \/>\nAgyon csapn\u00e1m azokat az urakat,<br \/>\nakik engem katon\u00e1nak soroztak.<br \/>\n&#8212;F\u00fav\u00f3s&#8212;<br \/>\nKecskem\u00e9ti kupec fia vagyok \u00e9n,<br \/>\nv\u00e1s\u00e1rokr\u00f3l v\u00e1s\u00e1rokra j\u00e1rok \u00e9n.<br \/>\nK\u00f6d el\u0151ttem karjaimban a bab\u00e1m,<br \/>\nh\u00e1tam m\u00f6g\u00f6tt a rezes banda muzsik\u00e1l.<br \/>\nK\u00f6d el\u0151ttem karjaimban a bab\u00e1m,<br \/>\nh\u00e1tam m\u00f6g\u00f6tt a rezes banda muzsik\u00e1l.<br \/>\n&#8212;F\u00fav\u00f3s&#8212;<br \/>\nHa m\u00e9g egyszer t\u00fczes m\u00e9nk\u0171 lehetn\u00e9k,<br \/>\na dabasi kaszin\u00f3ra lecsapn\u00e9k.<br \/>\nAgyon csapn\u00e1m azokat az urakat,<br \/>\nakik engem katon\u00e1nak soroztak.<br \/>\nAgyon csapn\u00e1m azokat az urakat,<br \/>\nakik engem katon\u00e1nak soroztak!<br \/>\n&#8212;F\u00fav\u00f3s&#8212;<br \/>\n&#8212;Coda&#8212;<br \/>\n&#8212;Jer\u00f3 Music &#8211; 2023.&#8212;<\/p>\n<p>&nbsp;<\/p>\n","protected":false},"featured_media":9772,"template":"","meta":{"site-sidebar-layout":"default","site-content-layout":"default","ast-site-content-layout":"default","site-content-style":"default","site-sidebar-style":"default","ast-global-header-display":"","ast-banner-title-visibility":"","ast-main-header-display":"","ast-hfb-above-header-display":"","ast-hfb-below-header-display":"","ast-hfb-mobile-header-display":"","site-post-title":"","ast-breadcrumbs-content":"","ast-featured-img":"","footer-sml-layout":"","theme-transparent-header-meta":"default","adv-header-id-meta":"","stick-header-meta":"","header-above-stick-meta":"","header-main-stick-meta":"","header-below-stick-meta":"","astra-migrate-meta-layouts":"set","ast-page-background-enabled":"default","ast-page-background-meta":{"desktop":{"background-color":"var(--ast-global-color-4)","background-image":"","background-repeat":"repeat","background-position":"center center","background-size":"auto","background-attachment":"scroll","background-type":"","background-media":"","overlay-type":"","overlay-color":"","overlay-opacity":"","overlay-gradient":""},"tablet":{"background-color":"","background-image":"","background-repeat":"repeat","background-position":"center center","background-size":"auto","background-attachment":"scroll","background-type":"","background-media":"","overlay-type":"","overlay-color":"","overlay-opacity":"","overlay-gradient":""},"mobile":{"background-color":"","background-image":"","background-repeat":"repeat","background-position":"center center","background-size":"auto","background-attachment":"scroll","background-type":"","background-media":"","overlay-type":"","overlay-color":"","overlay-opacity":"","overlay-gradient":""}},"ast-content-background-meta":{"desktop":{"background-color":"var(--ast-global-color-5)","background-image":"","background-repeat":"repeat","background-position":"center center","background-size":"auto","background-attachment":"scroll","background-type":"","background-media":"","overlay-type":"","overlay-color":"","overlay-opacity":"","overlay-gradient":""},"tablet":{"background-color":"var(--ast-global-color-5)","background-image":"","background-repeat":"repeat","background-position":"center center","background-size":"auto","background-attachment":"scroll","background-type":"","background-media":"","overlay-type":"","overlay-color":"","overlay-opacity":"","overlay-gradient":""},"mobile":{"background-color":"var(--ast-global-color-5)","background-image":"","background-repeat":"repeat","background-position":"center center","background-size":"auto","background-attachment":"scroll","background-type":"","background-media":"","overlay-type":"","overlay-color":"","overlay-opacity":"","overlay-gradient":""}}},"product_cat":[75],"product_tag":[],"class_list":["post-10538","product","type-product","status-publish","has-post-thumbnail","hentry","product_cat-jerzsele-zoltan","desktop-align-left","tablet-align-left","mobile-align-left"],"_links":{"self":[{"href":"https:\/\/www.sunkaraoke.hu\/index.php\/wp-json\/wp\/v2\/product\/10538","targetHints":{"allow":["GET"]}}],"collection":[{"href":"https:\/\/www.sunkaraoke.hu\/index.php\/wp-json\/wp\/v2\/product"}],"about":[{"href":"https:\/\/www.sunkaraoke.hu\/index.php\/wp-json\/wp\/v2\/types\/product"}],"wp:featuredmedia":[{"embeddable":true,"href":"https:\/\/www.sunkaraoke.hu\/index.php\/wp-json\/wp\/v2\/media\/9772"}],"wp:attachment":[{"href":"https:\/\/www.sunkaraoke.hu\/index.php\/wp-json\/wp\/v2\/media?parent=10538"}],"wp:term":[{"taxonomy":"product_cat","embeddable":true,"href":"https:\/\/www.sunkaraoke.hu\/index.php\/wp-json\/wp\/v2\/product_cat?post=10538"},{"taxonomy":"product_tag","embeddable":true,"href":"https:\/\/www.sunkaraoke.hu\/index.php\/wp-json\/wp\/v2\/product_tag?post=10538"}],"curies":[{"name":"wp","href":"https:\/\/api.w.org\/{rel}","templated":true}]}}