{"id":10533,"date":"2023-01-09T16:33:48","date_gmt":"2023-01-09T16:33:48","guid":{"rendered":"https:\/\/www.sunkaraoke.hu\/?post_type=product&#038;p=10533"},"modified":"2025-04-14T04:57:17","modified_gmt":"2025-04-14T04:57:17","slug":"jerzsele-zoltan-jerzsele-mulatos-mix-14","status":"publish","type":"product","link":"https:\/\/www.sunkaraoke.hu\/index.php\/termek\/jerzsele-zoltan-jerzsele-mulatos-mix-14\/","title":{"rendered":"<div class=\"wcmp-player-container product-10533\"><audio controlslist=\"nodownload\" data-product=\"10533\"  volume=\"1\"  preload=\"none\" data-lazyloading=\"none\" class=\"wcmp-player track mejs-classic\" data-duration=\"0:31\" data-estimated_duration=\"4\"><source src=\"https:\/\/www.sunkaraoke.hu\/wp-content\/uploads\/2023\/01\/Jerzsele-mulatos-mix-14.-Jero_demo.mp3\" type=\"audio\/mp3\" \/><\/audio><\/div>Jerzsele Zolt\u00e1n- Jerzsele mulat\u00f3s mix 14.(Original)"},"content":{"rendered":"<p><b>05:47<\/b>| <strong><img loading=\"lazy\" decoding=\"async\" class=\"alignnone size-full wp-image-467\" src=\"https:\/\/www.sunkaraoke.hu\/wp-content\/uploads\/2022\/07\/choir_2-copy.webp\" alt=\"\" width=\"30\" height=\"30\" \/> <\/strong><\/p>\n","protected":false},"excerpt":{"rendered":"<h6><strong>Bits\u0171r\u0171s\u00e9g: 160kb\/s &#8211; 320 kb\/s<\/strong><br \/>\n<strong>Hossz: 05:47<\/strong><\/h6>\n<h6><strong>Vok\u00e1lt tartalmaz: Nem<\/strong> <img loading=\"lazy\" decoding=\"async\" class=\"alignnone size-full wp-image-467\" src=\"http:\/\/www.sunkaraoke.hu\/wp-content\/uploads\/2022\/07\/choir_2-copy.png\" alt=\"\" width=\"30\" height=\"30\" \/><strong style=\"font-size: 16px;\"><br \/>\n<\/strong><\/h6>\n<p>Sunkaraoke mp3 st\u00fadi\u00f3 \/ www.sunkaraoke.hu \/ Inf: Tel: 06 20 4275001<\/p>\n<p>&#8212;Intro&#8212;Cm&#8212;<br \/>\n&#8212;F\u00fav\u00f3s&#8212;<br \/>\nMeginn\u00e1m a, meginn\u00e1m a,<br \/>\nmeginn\u00e1m a piros bort a poh\u00e1rb\u00f3l.<br \/>\nK\u00e1r volna m\u00e9g, k\u00e1r volna m\u00e9g,<br \/>\nk\u00e1r volna m\u00e9g kihalni a vil\u00e1gb\u00f3l.<br \/>\nK\u00e1r volna m\u00e9g meghalni,<br \/>\nfiatal a feles\u00e9gem, itt hagyni.<br \/>\nA Dabasi gy\u00f6ngyvir\u00e1gos,<br \/>\ntulip\u00e1nos temet\u0151be kimenni.<br \/>\nK\u00e1r volna m\u00e9g meghalni,<br \/>\nfiatal a feles\u00e9gem, itt hagyni.<br \/>\nA Dabasi gy\u00f6ngyvir\u00e1gos,<br \/>\ntulip\u00e1nos temet\u0151be kimenni.<br \/>\n&#8212;F\u00fav\u00f3s&#8212;<br \/>\nNem volt f\u00e9nyes az \u00e9n csizm\u00e1m,<br \/>\naz\u00e9rt voltam az egyesbe bez\u00e1rva.<br \/>\nAzt k\u00e9rdi a hadnagy elvt\u00e1rs<br \/>\nm&#8217;\u00e9rt j\u00e1rok a l\u00e1nyok el\u0151tt vigy\u00e1zzba?<br \/>\nHadnagy elvt\u00e1rs jelentem:<br \/>\noly csinos a kedvesem!<br \/>\nA kedvesem egy szav\u00e1ra,<br \/>\nhadnagy elvt\u00e1rs is meg\u00e1llna vigy\u00e1zzba.<br \/>\nHadnagy elvt\u00e1rs jelentem:<br \/>\noly csinos a kedvesem!<br \/>\nA kedvesem egy szav\u00e1ra,<br \/>\nhadnagy elvt\u00e1rs is meg\u00e1llna vigy\u00e1zzba.<br \/>\n&#8212;F\u00fav\u00f3s&#8212;<br \/>\nDe szeretn\u00e9k hajnalcsillag lenni.<br \/>\nA bab\u00e1m ablak\u00e1ba beragyogni.<br \/>\nBeragyogn\u00e9k hozz\u00e1ja hajnalban,<br \/>\ncs\u00f3kot k\u00e9rn\u00e9k t\u0151le utolj\u00e1ra.<br \/>\nBeragyogn\u00e9k hozz\u00e1ja hajnalban,<br \/>\ncs\u00f3kot k\u00e9rn\u00e9k t\u0151le utolj\u00e1ra.<br \/>\nDombon van az \u00f6zvegyasszony h\u00e1za.<br \/>\nDe benne van a l\u00e1nya vetett \u00e1gya.<br \/>\nBenne van a selyem \u00e1gy, csipke takar\u00f3,<br \/>\nez a kisl\u00e1ny de kedvemre val\u00f3.<br \/>\nBenne van a selyem \u00e1gy, csipke takar\u00f3,<br \/>\nez a kisl\u00e1ny de kedvemre val\u00f3.<br \/>\n&#8212;F\u00fav\u00f3s&#8212;<br \/>\nSz\u00e1nom, b\u00e1nom, amit cselekedtem.<br \/>\nHogy \u00e9n v\u00e9led szerelembe estem.<br \/>\nSzerelembe nem estem, csak sz\u00f3ba,<br \/>\nsajn\u00e1lom de nem tehetek r\u00f3la.<br \/>\nSzerelembe nem estem, csak sz\u00f3ba,<br \/>\nsajn\u00e1lom de nem tehetek r\u00f3la.<br \/>\nSz\u00e1nom, b\u00e1nom, hogy megh\u00e1zasodtam.<br \/>\nA leg\u00e9nys\u00e9gem gy\u00e1szba bor\u00edtottam.<br \/>\nMert \u00e9nn\u00e9kem nem szabad, szeretni,<br \/>\nnem szabad a l\u00e1nyokat meg\u00f6lelni.<br \/>\nMert \u00e9nn\u00e9kem nem szabad, szeretni,<br \/>\nnem szabad a l\u00e1nyokat meg\u00f6lelni!<br \/>\n&#8212;F\u00fav\u00f3s&#8212;Megh\u00fazza!!!&#8212;<br \/>\n&#8212;Coda&#8212;<br \/>\n&#8212;Jer\u00f3 Music &#8211; 2023.&#8212;<\/p>\n","protected":false},"featured_media":9772,"template":"","meta":{"site-sidebar-layout":"default","site-content-layout":"default","ast-site-content-layout":"default","site-content-style":"default","site-sidebar-style":"default","ast-global-header-display":"","ast-banner-title-visibility":"","ast-main-header-display":"","ast-hfb-above-header-display":"","ast-hfb-below-header-display":"","ast-hfb-mobile-header-display":"","site-post-title":"","ast-breadcrumbs-content":"","ast-featured-img":"","footer-sml-layout":"","theme-transparent-header-meta":"default","adv-header-id-meta":"","stick-header-meta":"","header-above-stick-meta":"","header-main-stick-meta":"","header-below-stick-meta":"","astra-migrate-meta-layouts":"set","ast-page-background-enabled":"default","ast-page-background-meta":{"desktop":{"background-color":"var(--ast-global-color-4)","background-image":"","background-repeat":"repeat","background-position":"center center","background-size":"auto","background-attachment":"scroll","background-type":"","background-media":"","overlay-type":"","overlay-color":"","overlay-opacity":"","overlay-gradient":""},"tablet":{"background-color":"","background-image":"","background-repeat":"repeat","background-position":"center center","background-size":"auto","background-attachment":"scroll","background-type":"","background-media":"","overlay-type":"","overlay-color":"","overlay-opacity":"","overlay-gradient":""},"mobile":{"background-color":"","background-image":"","background-repeat":"repeat","background-position":"center center","background-size":"auto","background-attachment":"scroll","background-type":"","background-media":"","overlay-type":"","overlay-color":"","overlay-opacity":"","overlay-gradient":""}},"ast-content-background-meta":{"desktop":{"background-color":"var(--ast-global-color-5)","background-image":"","background-repeat":"repeat","background-position":"center center","background-size":"auto","background-attachment":"scroll","background-type":"","background-media":"","overlay-type":"","overlay-color":"","overlay-opacity":"","overlay-gradient":""},"tablet":{"background-color":"var(--ast-global-color-5)","background-image":"","background-repeat":"repeat","background-position":"center center","background-size":"auto","background-attachment":"scroll","background-type":"","background-media":"","overlay-type":"","overlay-color":"","overlay-opacity":"","overlay-gradient":""},"mobile":{"background-color":"var(--ast-global-color-5)","background-image":"","background-repeat":"repeat","background-position":"center center","background-size":"auto","background-attachment":"scroll","background-type":"","background-media":"","overlay-type":"","overlay-color":"","overlay-opacity":"","overlay-gradient":""}}},"product_cat":[75],"product_tag":[],"class_list":["post-10533","product","type-product","status-publish","has-post-thumbnail","hentry","product_cat-jerzsele-zoltan","desktop-align-left","tablet-align-left","mobile-align-left"],"_links":{"self":[{"href":"https:\/\/www.sunkaraoke.hu\/index.php\/wp-json\/wp\/v2\/product\/10533","targetHints":{"allow":["GET"]}}],"collection":[{"href":"https:\/\/www.sunkaraoke.hu\/index.php\/wp-json\/wp\/v2\/product"}],"about":[{"href":"https:\/\/www.sunkaraoke.hu\/index.php\/wp-json\/wp\/v2\/types\/product"}],"wp:featuredmedia":[{"embeddable":true,"href":"https:\/\/www.sunkaraoke.hu\/index.php\/wp-json\/wp\/v2\/media\/9772"}],"wp:attachment":[{"href":"https:\/\/www.sunkaraoke.hu\/index.php\/wp-json\/wp\/v2\/media?parent=10533"}],"wp:term":[{"taxonomy":"product_cat","embeddable":true,"href":"https:\/\/www.sunkaraoke.hu\/index.php\/wp-json\/wp\/v2\/product_cat?post=10533"},{"taxonomy":"product_tag","embeddable":true,"href":"https:\/\/www.sunkaraoke.hu\/index.php\/wp-json\/wp\/v2\/product_tag?post=10533"}],"curies":[{"name":"wp","href":"https:\/\/api.w.org\/{rel}","templated":true}]}}