{"id":10511,"date":"2023-01-05T14:30:37","date_gmt":"2023-01-05T14:30:37","guid":{"rendered":"https:\/\/www.sunkaraoke.hu\/?post_type=product&#038;p=10511"},"modified":"2026-04-18T07:25:16","modified_gmt":"2026-04-18T05:25:16","slug":"desperado-akarom-ot-2023-mulatos-cover","status":"publish","type":"product","link":"https:\/\/www.sunkaraoke.hu\/index.php\/termek\/desperado-akarom-ot-2023-mulatos-cover\/","title":{"rendered":"<div class=\"wcmp-player-container product-10511\"><audio controlslist=\"nodownload\" data-product=\"10511\"  volume=\"1\"  preload=\"none\" data-lazyloading=\"none\" class=\"wcmp-player track mejs-classic\" data-duration=\"0:32\" data-estimated_duration=\"4\"><source src=\"https:\/\/www.sunkaraoke.hu\/wp-content\/uploads\/2023\/01\/Akarom-ot-2022.-mulatous-Cover_demo.mp3\" type=\"audio\/mp3\" \/><\/audio><\/div>Desperad\u00f3 &#8211; Akarom \u0151t  \/ Cover \/  (Original PB Edition)"},"content":{"rendered":"<p><strong>03:06<\/strong>\u00a0| <strong><img loading=\"lazy\" decoding=\"async\" class=\"alignnone size-full wp-image-467\" src=\"https:\/\/www.sunkaraoke.hu\/wp-content\/uploads\/2022\/07\/choir_2-copy.webp\" alt=\"\" width=\"30\" height=\"30\" \/> <\/strong><\/p>\n","protected":false},"excerpt":{"rendered":"<p><strong>Bits\u0171r\u0171s\u00e9g: 320kb\/s<\/strong><br \/>\n<strong>Hossz: 03:06<\/strong><br \/>\n<strong>Vok\u00e1lt tartalmaz: Nem <img loading=\"lazy\" decoding=\"async\" class=\"alignnone size-full wp-image-467\" src=\"http:\/\/www.sunkaraoke.hu\/wp-content\/uploads\/2022\/07\/choir_2-copy.png\" alt=\"\" width=\"30\" height=\"30\" \/><\/strong><\/p>\n<p>Sunkaraoke mp3 st\u00fadi\u00f3 \/ www.sunkaraoke.hu \/ Inf: Tel: 06 20 4275001<\/p>\n<p>&#8212;Intr\u00f3&#8212;<br \/>\nV\u00e1rj r\u00e1m minden \u00e9jjelen,<br \/>\n\u00e9s ha elj\u00f6v\u00f6k, \u00fajra visszat\u00e9r velem az igazi \u00e9rzelem.<br \/>\nNe higgy el mindent, el\u00e9g ha a l\u00e1tv\u00e1ny cs\u00e1b\u00edt el!<br \/>\nHamis a vallom\u00e1s, igazi nagy dob\u00e1s,<br \/>\nm\u00e9gis \u00fagy t\u00e1lalom, ahogy kell.<br \/>\nMert akarom \u0151t, de nem a szerelem \u00e9get,<br \/>\ncsak egy \u00e9jszakai \u00e1lomr\u00f3l sz\u00f3l.<br \/>\nMajd fel\u00e9bred\u00fcnk, \u00e9s v\u00e9ge,<br \/>\nmert akarom \u0151t, de nem a szerelem \u00e9get,<br \/>\ncsak egy \u00e9jszakai \u00e1lomr\u00f3l sz\u00f3l.<br \/>\nMajd fel\u00e9bred\u00fcnk, \u00e9s v\u00e9ge.<br \/>\n&#8212;Sz\u00f3l\u00f3&#8212;<br \/>\nK\u00e9rdezz, ha csak sejted, mi v\u00e1r r\u00e1d!<br \/>\nMost velem j\u00f6ssz, \u00edgy majd elt\u00f6lthetsz velem egy \u0151r\u00fclt j\u00f3 \u00e9jszak\u00e1t.<br \/>\nK\u00eds\u00e9rtsd meg a sorsod,<br \/>\nmostm\u00e1r az \u00f6rd\u00f6ggel c\u00edmbor\u00e1lsz!<br \/>\nFekete ruh\u00e1j\u00e1t az \u00e9g r\u00e1nk bor\u00edtja,<br \/>\nnem v\u00e1rhatok tov\u00e1bb.<br \/>\nMert akarom \u0151t, de nem a szerelem \u00e9get,<br \/>\ncsak egy \u00e9jszakai \u00e1lomr\u00f3l sz\u00f3l.<br \/>\nMajd fel\u00e9bred\u00fcnk, \u00e9s v\u00e9ge,<br \/>\nmert akarom \u0151t, de nem a szerelem \u00e9get,<br \/>\ncsak egy \u00e9jszakai \u00e1lomr\u00f3l sz\u00f3l.<br \/>\nMajd fel\u00e9bred\u00fcnk, \u00e9s v\u00e9ge.<br \/>\nMert akarom \u0151t, de nem a szerelem \u00e9get,<br \/>\ncsak egy \u00e9jszakai \u00e1lomr\u00f3l sz\u00f3l.<br \/>\nMajd fel\u00e9bred\u00fcnk, \u00e9s v\u00e9ge,<br \/>\nmert akarom \u0151t, de nem a szerelem \u00e9get,<br \/>\ncsak egy \u00e9jszakai \u00e1lomr\u00f3l sz\u00f3l.<br \/>\nMajd fel\u00e9bred\u00fcnk, \u00e9s v\u00e9ge.<br \/>\n&#8212;V\u00e9ge&#8212;<\/p>\n<p>&nbsp;<\/p>\n","protected":false},"featured_media":9761,"template":"","meta":{"site-sidebar-layout":"default","site-content-layout":"default","ast-site-content-layout":"default","site-content-style":"default","site-sidebar-style":"default","ast-global-header-display":"","ast-banner-title-visibility":"","ast-main-header-display":"","ast-hfb-above-header-display":"","ast-hfb-below-header-display":"","ast-hfb-mobile-header-display":"","site-post-title":"","ast-breadcrumbs-content":"","ast-featured-img":"","footer-sml-layout":"","theme-transparent-header-meta":"default","adv-header-id-meta":"","stick-header-meta":"","header-above-stick-meta":"","header-main-stick-meta":"","header-below-stick-meta":"","astra-migrate-meta-layouts":"set","ast-page-background-enabled":"default","ast-page-background-meta":{"desktop":{"background-color":"var(--ast-global-color-4)","background-image":"","background-repeat":"repeat","background-position":"center center","background-size":"auto","background-attachment":"scroll","background-type":"","background-media":"","overlay-type":"","overlay-color":"","overlay-opacity":"","overlay-gradient":""},"tablet":{"background-color":"","background-image":"","background-repeat":"repeat","background-position":"center center","background-size":"auto","background-attachment":"scroll","background-type":"","background-media":"","overlay-type":"","overlay-color":"","overlay-opacity":"","overlay-gradient":""},"mobile":{"background-color":"","background-image":"","background-repeat":"repeat","background-position":"center center","background-size":"auto","background-attachment":"scroll","background-type":"","background-media":"","overlay-type":"","overlay-color":"","overlay-opacity":"","overlay-gradient":""}},"ast-content-background-meta":{"desktop":{"background-color":"var(--ast-global-color-5)","background-image":"","background-repeat":"repeat","background-position":"center center","background-size":"auto","background-attachment":"scroll","background-type":"","background-media":"","overlay-type":"","overlay-color":"","overlay-opacity":"","overlay-gradient":""},"tablet":{"background-color":"var(--ast-global-color-5)","background-image":"","background-repeat":"repeat","background-position":"center center","background-size":"auto","background-attachment":"scroll","background-type":"","background-media":"","overlay-type":"","overlay-color":"","overlay-opacity":"","overlay-gradient":""},"mobile":{"background-color":"var(--ast-global-color-5)","background-image":"","background-repeat":"repeat","background-position":"center center","background-size":"auto","background-attachment":"scroll","background-type":"","background-media":"","overlay-type":"","overlay-color":"","overlay-opacity":"","overlay-gradient":""}}},"product_cat":[48],"product_tag":[],"class_list":["post-10511","product","type-product","status-publish","has-post-thumbnail","hentry","product_cat-sunkaraoke-dalok","desktop-align-left","tablet-align-left","mobile-align-left"],"_links":{"self":[{"href":"https:\/\/www.sunkaraoke.hu\/index.php\/wp-json\/wp\/v2\/product\/10511","targetHints":{"allow":["GET"]}}],"collection":[{"href":"https:\/\/www.sunkaraoke.hu\/index.php\/wp-json\/wp\/v2\/product"}],"about":[{"href":"https:\/\/www.sunkaraoke.hu\/index.php\/wp-json\/wp\/v2\/types\/product"}],"wp:featuredmedia":[{"embeddable":true,"href":"https:\/\/www.sunkaraoke.hu\/index.php\/wp-json\/wp\/v2\/media\/9761"}],"wp:attachment":[{"href":"https:\/\/www.sunkaraoke.hu\/index.php\/wp-json\/wp\/v2\/media?parent=10511"}],"wp:term":[{"taxonomy":"product_cat","embeddable":true,"href":"https:\/\/www.sunkaraoke.hu\/index.php\/wp-json\/wp\/v2\/product_cat?post=10511"},{"taxonomy":"product_tag","embeddable":true,"href":"https:\/\/www.sunkaraoke.hu\/index.php\/wp-json\/wp\/v2\/product_tag?post=10511"}],"curies":[{"name":"wp","href":"https:\/\/api.w.org\/{rel}","templated":true}]}}