{"id":10463,"date":"2022-12-27T17:25:01","date_gmt":"2022-12-27T17:25:01","guid":{"rendered":"https:\/\/www.sunkaraoke.hu\/?post_type=product&#038;p=10463"},"modified":"2025-04-14T04:59:40","modified_gmt":"2025-04-14T04:59:40","slug":"pias-noverkek-itt-a-piros","status":"publish","type":"product","link":"https:\/\/www.sunkaraoke.hu\/index.php\/termek\/pias-noverkek-itt-a-piros\/","title":{"rendered":"<div class=\"wcmp-player-container product-10463\"><audio controlslist=\"nodownload\" data-product=\"10463\"  volume=\"1\"  preload=\"none\" data-lazyloading=\"none\" class=\"wcmp-player track mejs-classic\" data-duration=\"0:31\" data-estimated_duration=\"4\"><source src=\"https:\/\/www.sunkaraoke.hu\/wp-content\/uploads\/2022\/12\/Itt-a-piros-Pias_demo.mp3\" type=\"audio\/mp3\" \/><\/audio><\/div>Pi\u00e1s N\u0151v\u00e9rk\u00e9k &#8211; Itt a piros (Original)"},"content":{"rendered":"<p><strong>04:20<\/strong>\u00a0\/ <img decoding=\"async\" src=\"https:\/\/www.sunkaraoke.hu\/wp-content\/uploads\/2022\/07\/choir_2-copy.webp\" \/> \/<\/p>\n","protected":false},"excerpt":{"rendered":"<h6><strong>Bits\u0171r\u0171s\u00e9g: 320 kb\/s<\/strong><br \/>\n<strong>Hossz: 04:20<\/strong><br \/>\n<strong>Vok\u00e1lt tartalmaz: Nem <img decoding=\"async\" src=\"https:\/\/www.sunkaraoke.hu\/wp-content\/uploads\/2022\/07\/choir_2-copy.png\" \/><\/strong><strong style=\"font-size: 16px;\"><br \/>\n<\/strong><\/h6>\n<p>Sunkaraoke mp3 st\u00fadi\u00f3 \/ www.sunkaraoke.hu \/ Inf: Tel: 06 20 4275001<\/p>\n<p>&#8212;Intr\u00f3&#8212;\/\/00:22\/\/<br \/>\nSz\u00edvb\u0151l szeretlek, tiszta sz\u00edvb\u0151l t\u00e9ged,<br \/>\nszeress k\u00e9rlek, te is \u00fagy, ahogyan \u00e9n r\u00e9gen.<br \/>\nJobban ragyogsz n\u00e9kem, mint a nap az \u00e9gen,<br \/>\naranyba \u00f6lt\u00f6ztetem, devl\u00e1 \u00e9n az eg\u00e9sz \u00e9letedet.<br \/>\nEz\u00e9rt mondom, szeress engem,<br \/>\nszebb\u00e9 teszem \u00e9n az \u00e9letedet,<br \/>\nte vagy nekem, j\u00f3l tudod, hidd el,<br \/>\na mindenem, az \u00e9letem, a kicsike szerelmem.<br \/>\nGyere \u00f6lelj, cs\u00f3kolj engem,<br \/>\nfogd meg a kezem, dr\u00e1ga kicsi kincsem,<br \/>\nmegbocs\u00e1jtom \u00e9n minden b\u0171n\u00f6det.<br \/>\nItt a piros, na de hol a piros,<br \/>\na haljak meg ebb\u0151l leszek milliomos,<br \/>\ndr\u00e1ga testv\u00e9rem \u00e9n megkeverem mint a k\u00e1rty\u00e1t,<br \/>\nakkor csalok, amikor l\u00e1tj\u00e1k.<br \/>\nNincsen annyi gy\u00e9m\u00e1nt, nincsen olyan sz\u00edv m\u00e1r,<br \/>\namelyik n\u00e9lk\u00fcled m\u00e1r dobogni tudna, \u00e9n sz\u00edvb\u0151l szeretlek.<br \/>\nEz\u00e9rt mondom, szeress engem,<br \/>\nszebb\u00e9 teszem \u00e9n az \u00e9letedet,<br \/>\nte vagy nekem, j\u00f3l tudod, hidd el,<br \/>\na mindenem, az \u00e9letem, a kicsike szerelmem.<br \/>\nGyere \u00f6lelj, cs\u00f3kolj engem,<br \/>\nfogd meg a kezem, dr\u00e1ga kicsi kincsem,<br \/>\nmegbocs\u00e1jtom \u00e9n minden b\u0171n\u00f6det.<br \/>\n&#8212;Sz\u00f3l\u00f3&#8212;\/\/02:12\/\/<br \/>\n\u00dagy szeretlek \u00e9n \u00fagy im\u00e1dlak<br \/>\nelfeledni, jaj, hogy tudn\u00e1lak,<br \/>\nelfeledni a k\u00e9t sz\u00e9p szemed,<br \/>\nsoha nem mondom, hogy Isten veled!<br \/>\nJobban ragyogsz n\u00e9kem, mint a nap az \u00e9gen,<br \/>\naranyba \u00f6lt\u00f6ztetem devla \u00e9n az eg\u00e9sz \u00e9letedet.<br \/>\n\u00c9s akkor itt a piros hol a piros,<br \/>\nh\u00e1rmat tolok, m\u00e9gis tilos! Zs\u00e1mo dovopp dovopp zs\u00e1mo dovopp pip\u00e1!<br \/>\nOszt kevergetem mint a k\u00e1rty\u00e1t, akkor csalok, mikor l\u00e1tj\u00e1k!<br \/>\nZs\u00e1mo zs\u00e1s\u00e9! Figyelj cumi-csumi!<br \/>\nItt a piros, na de hol a piros,<br \/>\na haljak meg ebb\u0151l leszek milliomos,<br \/>\ndr\u00e1ga testv\u00e9rem \u00e9n megkeverem mint a k\u00e1rty\u00e1t,<br \/>\nakkor csalok, amikor l\u00e1tj\u00e1k.<br \/>\nNincsen annyi gy\u00e9m\u00e1nt, nincsen olyan sz\u00edv m\u00e1r,<br \/>\namelyik n\u00e9lk\u00fcled m\u00e1r dobogni tudna, \u00e9n sz\u00edvb\u0151l szeretlek.<br \/>\nEz\u00e9rt mondom, szeress engem,<br \/>\nszebb\u00e9 teszem \u00e9n az \u00e9letedet,<br \/>\nte vagy nekem, j\u00f3l tudod, hidd el,<br \/>\na mindenem, az \u00e9letem, a kicsike szerelmem.<br \/>\nGyere \u00f6lelj, cs\u00f3kolj engem,<br \/>\nfogd meg a kezem, dr\u00e1ga kicsi kincsem,<br \/>\nmegbocs\u00e1jtom \u00e9n minden b\u0171n\u00f6det.<br \/>\n\u00c1lom,\u00e1lom&#8230;&#8230;.\/\/03:52\/\/<br \/>\nEz\u00e9rt mondom, szeress engem,<br \/>\nszebb\u00e9 teszem \u00e9n az \u00e9letedet,<br \/>\nte vagy nekem, j\u00f3l tudod, hidd el,<br \/>\na mindenem, az \u00e9letem, a kicsike szerelmem.<br \/>\nGyere \u00f6lelj, cs\u00f3kolj engem,<br \/>\nfogd meg a kezem, dr\u00e1ga kicsi kincsem,<br \/>\nmegbocs\u00e1jtom \u00e9n minden b\u0171n\u00f6det.<br \/>\n&#8212;V\u00e9ge&#8212;<\/p>\n","protected":false},"featured_media":10461,"template":"","meta":{"site-sidebar-layout":"default","site-content-layout":"default","ast-site-content-layout":"default","site-content-style":"default","site-sidebar-style":"default","ast-global-header-display":"","ast-banner-title-visibility":"","ast-main-header-display":"","ast-hfb-above-header-display":"","ast-hfb-below-header-display":"","ast-hfb-mobile-header-display":"","site-post-title":"","ast-breadcrumbs-content":"","ast-featured-img":"","footer-sml-layout":"","theme-transparent-header-meta":"default","adv-header-id-meta":"","stick-header-meta":"","header-above-stick-meta":"","header-main-stick-meta":"","header-below-stick-meta":"","astra-migrate-meta-layouts":"set","ast-page-background-enabled":"default","ast-page-background-meta":{"desktop":{"background-color":"var(--ast-global-color-4)","background-image":"","background-repeat":"repeat","background-position":"center center","background-size":"auto","background-attachment":"scroll","background-type":"","background-media":"","overlay-type":"","overlay-color":"","overlay-opacity":"","overlay-gradient":""},"tablet":{"background-color":"","background-image":"","background-repeat":"repeat","background-position":"center center","background-size":"auto","background-attachment":"scroll","background-type":"","background-media":"","overlay-type":"","overlay-color":"","overlay-opacity":"","overlay-gradient":""},"mobile":{"background-color":"","background-image":"","background-repeat":"repeat","background-position":"center center","background-size":"auto","background-attachment":"scroll","background-type":"","background-media":"","overlay-type":"","overlay-color":"","overlay-opacity":"","overlay-gradient":""}},"ast-content-background-meta":{"desktop":{"background-color":"var(--ast-global-color-5)","background-image":"","background-repeat":"repeat","background-position":"center center","background-size":"auto","background-attachment":"scroll","background-type":"","background-media":"","overlay-type":"","overlay-color":"","overlay-opacity":"","overlay-gradient":""},"tablet":{"background-color":"var(--ast-global-color-5)","background-image":"","background-repeat":"repeat","background-position":"center center","background-size":"auto","background-attachment":"scroll","background-type":"","background-media":"","overlay-type":"","overlay-color":"","overlay-opacity":"","overlay-gradient":""},"mobile":{"background-color":"var(--ast-global-color-5)","background-image":"","background-repeat":"repeat","background-position":"center center","background-size":"auto","background-attachment":"scroll","background-type":"","background-media":"","overlay-type":"","overlay-color":"","overlay-opacity":"","overlay-gradient":""}}},"product_cat":[46],"product_tag":[],"class_list":["post-10463","product","type-product","status-publish","has-post-thumbnail","hentry","product_cat-eredeti-karaoke-dalok","desktop-align-left","tablet-align-left","mobile-align-left"],"_links":{"self":[{"href":"https:\/\/www.sunkaraoke.hu\/index.php\/wp-json\/wp\/v2\/product\/10463","targetHints":{"allow":["GET"]}}],"collection":[{"href":"https:\/\/www.sunkaraoke.hu\/index.php\/wp-json\/wp\/v2\/product"}],"about":[{"href":"https:\/\/www.sunkaraoke.hu\/index.php\/wp-json\/wp\/v2\/types\/product"}],"wp:featuredmedia":[{"embeddable":true,"href":"https:\/\/www.sunkaraoke.hu\/index.php\/wp-json\/wp\/v2\/media\/10461"}],"wp:attachment":[{"href":"https:\/\/www.sunkaraoke.hu\/index.php\/wp-json\/wp\/v2\/media?parent=10463"}],"wp:term":[{"taxonomy":"product_cat","embeddable":true,"href":"https:\/\/www.sunkaraoke.hu\/index.php\/wp-json\/wp\/v2\/product_cat?post=10463"},{"taxonomy":"product_tag","embeddable":true,"href":"https:\/\/www.sunkaraoke.hu\/index.php\/wp-json\/wp\/v2\/product_tag?post=10463"}],"curies":[{"name":"wp","href":"https:\/\/api.w.org\/{rel}","templated":true}]}}