{"id":10457,"date":"2022-12-27T17:19:10","date_gmt":"2022-12-27T17:19:10","guid":{"rendered":"https:\/\/www.sunkaraoke.hu\/?post_type=product&#038;p=10457"},"modified":"2025-04-14T05:00:07","modified_gmt":"2025-04-14T05:00:07","slug":"pias-noverkek-pengesd-a-gitart","status":"publish","type":"product","link":"https:\/\/www.sunkaraoke.hu\/index.php\/termek\/pias-noverkek-pengesd-a-gitart\/","title":{"rendered":"<div class=\"wcmp-player-container product-10457\"><audio controlslist=\"nodownload\" data-product=\"10457\"  volume=\"1\"  preload=\"none\" data-lazyloading=\"none\" class=\"wcmp-player track mejs-classic\" data-duration=\"0:31\" data-estimated_duration=\"4\"><source src=\"https:\/\/www.sunkaraoke.hu\/wp-content\/uploads\/2022\/12\/Pengesd-a-gitart-Pias-._demo-1.mp3\" type=\"audio\/mp3\" \/><\/audio><\/div>Pi\u00e1s N\u0151v\u00e9rk\u00e9k &#8211; Pengesd a git\u00e1rt (Original)"},"content":{"rendered":"<p><strong>03:26<\/strong> \/ <img decoding=\"async\" src=\"https:\/\/www.sunkaraoke.hu\/wp-content\/uploads\/2022\/07\/choir_2-copy.webp\" \/> \/<\/p>\n","protected":false},"excerpt":{"rendered":"<h6><strong>Bits\u0171r\u0171s\u00e9g: 320 kb\/s<\/strong><br \/>\n<strong>Hossz: 03:26<\/strong><br \/>\n<strong>Vok\u00e1lt tartalmaz: Nem <img decoding=\"async\" src=\"https:\/\/www.sunkaraoke.hu\/wp-content\/uploads\/2022\/07\/choir_2-copy.png\" \/><\/strong><strong style=\"font-size: 16px;\"><br \/>\n<\/strong><\/h6>\n<p>Sunkaraoke mp3 st\u00fadi\u00f3 \/ www.sunkaraoke.hu \/ Inf: Tel: 06 20 4275001<\/p>\n<p>&#8212;Intr\u00f3&#8212;\/\/00:13\/\/<br \/>\nPengesd a git\u00e1rt, pengesd a git\u00e1rt, pengesd \u00e9s sz\u00edvb\u0151l dalolj.<br \/>\nDalol a sz\u00edv, \u00e9rzi, hogy \u00edgy,\u00e9rzi, hogy \u00edgy most j\u00f3.<br \/>\nSzabad a sz\u00edv, szabad a sr\u00e1c,szabad most az \u00e9jszak\u00e1nk.<br \/>\nEgy szerelmi cs\u00f3k, egy piros r\u00f3zsa, ontja illat\u00e1t.<br \/>\nGyere \u00e9s \u00e9rezd j\u00f3l magad,<br \/>\ngyere \u00e9s mulasd ki j\u00f3l magad,<br \/>\nmulasd \u00e1t sz\u00edvedb\u0151l ezt az \u00e9jszak\u00e1t.<br \/>\nGyere \u00e9s \u00e9rezd j\u00f3l magad,<br \/>\ngyere \u00e9s mulasd ki j\u00f3l magad,<br \/>\nmulasd \u00e1t sz\u00edvedb\u0151l ezt az \u00e9jszak\u00e1t.<br \/>\nTe tudtad, hogy f\u00e1j, te tudtad hogy f\u00e1j,<br \/>\ntudtad \u00e9s m\u00e9gis elhagyt\u00e1l.<br \/>\nNem kell m\u00e1r sz\u00edv \u00e9s nem kell m\u00e1r t\u00e1nc,<br \/>\nnem kell m\u00e1r az \u00e9jszak\u00e1nk.<br \/>\nSz\u00f3l a git\u00e1r, sz\u00f3l a zene,sz\u00f3l \u00e9s \u00e9n \u00e9nekelek,<br \/>\nde nem is olyan j\u00f3 de nem is olyan rossz,<br \/>\nde h\u00e1t engem \u00edgy szeretnek.<br \/>\nGyere \u00e9s \u00e9rezd j\u00f3l magad,<br \/>\ngyere \u00e9s mulasd ki j\u00f3l magad,<br \/>\nmulasd \u00e1t sz\u00edvedb\u0151l ezt az \u00e9jszak\u00e1t.<br \/>\nGyere \u00e9s \u00e9rezd j\u00f3l magad,<br \/>\ngyere \u00e9s mulasd ki j\u00f3l magad,<br \/>\nmulasd \u00e1t sz\u00edvedb\u0151l ezt az \u00e9jszak\u00e1t.<br \/>\n&#8212;Sz\u00f3l\u00f3&#8212;\/\/01:59\/\/<br \/>\n\u00c1lom, \u00e1lom, s\u00e1j, n\u00e1&#8230;..<br \/>\nGyere \u00e9s \u00e9rezd j\u00f3l magad,<br \/>\ngyere \u00e9s mulasd ki j\u00f3l magad,<br \/>\nmulasd \u00e1t sz\u00edvedb\u0151l ezt az \u00e9jszak\u00e1t.<br \/>\nGyere \u00e9s \u00e9rezd j\u00f3l magad,<br \/>\ngyere \u00e9s mulasd ki j\u00f3l magad,<br \/>\nmulasd \u00e1t sz\u00edvedb\u0151l ezt az \u00e9jszak\u00e1t.<br \/>\n&#8212;Sz\u00f3l\u00f3&#8212;\/\/02:57\/\/<br \/>\nGyere \u00e9s \u00e9rezd j\u00f3l magad,<br \/>\ngyere \u00e9s mulasd ki j\u00f3l magad,<br \/>\nmulasd \u00e1t sz\u00edvedb\u0151l ezt az \u00e9jszak\u00e1t.<br \/>\nGyere \u00e9s \u00e9rezd j\u00f3l magad,<br \/>\ngyere \u00e9s mulasd ki j\u00f3l magad,<br \/>\nmulasd \u00e1t sz\u00edvedb\u0151l ezt az \u00e9jszak\u00e1t.<br \/>\n&#8212;V\u00e9ge&#8212;<\/p>\n<p>&nbsp;<\/p>\n<p>&nbsp;<\/p>\n<p>&nbsp;<\/p>\n<p>&nbsp;<\/p>\n<p>&nbsp;<\/p>\n<p>&nbsp;<\/p>\n","protected":false},"featured_media":10461,"template":"","meta":{"site-sidebar-layout":"default","site-content-layout":"default","ast-site-content-layout":"default","site-content-style":"default","site-sidebar-style":"default","ast-global-header-display":"","ast-banner-title-visibility":"","ast-main-header-display":"","ast-hfb-above-header-display":"","ast-hfb-below-header-display":"","ast-hfb-mobile-header-display":"","site-post-title":"","ast-breadcrumbs-content":"","ast-featured-img":"","footer-sml-layout":"","theme-transparent-header-meta":"default","adv-header-id-meta":"","stick-header-meta":"","header-above-stick-meta":"","header-main-stick-meta":"","header-below-stick-meta":"","astra-migrate-meta-layouts":"set","ast-page-background-enabled":"default","ast-page-background-meta":{"desktop":{"background-color":"var(--ast-global-color-4)","background-image":"","background-repeat":"repeat","background-position":"center center","background-size":"auto","background-attachment":"scroll","background-type":"","background-media":"","overlay-type":"","overlay-color":"","overlay-opacity":"","overlay-gradient":""},"tablet":{"background-color":"","background-image":"","background-repeat":"repeat","background-position":"center center","background-size":"auto","background-attachment":"scroll","background-type":"","background-media":"","overlay-type":"","overlay-color":"","overlay-opacity":"","overlay-gradient":""},"mobile":{"background-color":"","background-image":"","background-repeat":"repeat","background-position":"center center","background-size":"auto","background-attachment":"scroll","background-type":"","background-media":"","overlay-type":"","overlay-color":"","overlay-opacity":"","overlay-gradient":""}},"ast-content-background-meta":{"desktop":{"background-color":"var(--ast-global-color-5)","background-image":"","background-repeat":"repeat","background-position":"center center","background-size":"auto","background-attachment":"scroll","background-type":"","background-media":"","overlay-type":"","overlay-color":"","overlay-opacity":"","overlay-gradient":""},"tablet":{"background-color":"var(--ast-global-color-5)","background-image":"","background-repeat":"repeat","background-position":"center center","background-size":"auto","background-attachment":"scroll","background-type":"","background-media":"","overlay-type":"","overlay-color":"","overlay-opacity":"","overlay-gradient":""},"mobile":{"background-color":"var(--ast-global-color-5)","background-image":"","background-repeat":"repeat","background-position":"center center","background-size":"auto","background-attachment":"scroll","background-type":"","background-media":"","overlay-type":"","overlay-color":"","overlay-opacity":"","overlay-gradient":""}}},"product_cat":[46],"product_tag":[],"class_list":["post-10457","product","type-product","status-publish","has-post-thumbnail","hentry","product_cat-eredeti-karaoke-dalok","desktop-align-left","tablet-align-left","mobile-align-left"],"_links":{"self":[{"href":"https:\/\/www.sunkaraoke.hu\/index.php\/wp-json\/wp\/v2\/product\/10457","targetHints":{"allow":["GET"]}}],"collection":[{"href":"https:\/\/www.sunkaraoke.hu\/index.php\/wp-json\/wp\/v2\/product"}],"about":[{"href":"https:\/\/www.sunkaraoke.hu\/index.php\/wp-json\/wp\/v2\/types\/product"}],"wp:featuredmedia":[{"embeddable":true,"href":"https:\/\/www.sunkaraoke.hu\/index.php\/wp-json\/wp\/v2\/media\/10461"}],"wp:attachment":[{"href":"https:\/\/www.sunkaraoke.hu\/index.php\/wp-json\/wp\/v2\/media?parent=10457"}],"wp:term":[{"taxonomy":"product_cat","embeddable":true,"href":"https:\/\/www.sunkaraoke.hu\/index.php\/wp-json\/wp\/v2\/product_cat?post=10457"},{"taxonomy":"product_tag","embeddable":true,"href":"https:\/\/www.sunkaraoke.hu\/index.php\/wp-json\/wp\/v2\/product_tag?post=10457"}],"curies":[{"name":"wp","href":"https:\/\/api.w.org\/{rel}","templated":true}]}}