{"id":10443,"date":"2022-12-27T11:10:30","date_gmt":"2022-12-27T11:10:30","guid":{"rendered":"https:\/\/www.sunkaraoke.hu\/?post_type=product&#038;p=10443"},"modified":"2025-04-14T05:01:50","modified_gmt":"2025-04-14T05:01:50","slug":"dj-slash-azt-beszeli-mar-az-egesz-varos","status":"publish","type":"product","link":"https:\/\/www.sunkaraoke.hu\/index.php\/termek\/dj-slash-azt-beszeli-mar-az-egesz-varos\/","title":{"rendered":"<div class=\"wcmp-player-container product-10443\"><audio controlslist=\"nodownload\" data-product=\"10443\"  volume=\"1\"  preload=\"none\" data-lazyloading=\"none\" class=\"wcmp-player track mejs-classic\" data-duration=\"0:30\" data-estimated_duration=\"3\"><source src=\"https:\/\/www.sunkaraoke.hu\/wp-content\/uploads\/2022\/12\/Azt-beszeli-mar-Vokal-_demo.mp3\" type=\"audio\/mp3\" \/><\/audio><\/div>DJ Slash- Azt besz\u00e9li m\u00e1r az eg\u00e9sz v\u00e1ros (Original)"},"content":{"rendered":"<p><strong>03:41<\/strong>\u00a0\/ <img decoding=\"async\" src=\"https:\/\/www.sunkaraoke.hu\/wp-content\/uploads\/2022\/07\/choir_1-copy.webp\" \/> \/<\/p>\n","protected":false},"excerpt":{"rendered":"<h5><strong>Bits\u0171r\u0171s\u00e9g: 320kb\/s<\/strong><br \/>\n<strong>Hossz: 03:41<\/strong><br \/>\n<strong>Vok\u00e1lt tartalmaz: Igen <img loading=\"lazy\" decoding=\"async\" class=\"alignnone size-full wp-image-466\" src=\"http:\/\/www.sunkaraoke.hu\/wp-content\/uploads\/2022\/07\/choir_1-copy.png\" alt=\"\" width=\"30\" height=\"30\" \/><\/strong><\/h5>\n<p>Sunkaraoke mp3 st\u00fadi\u00f3 \/ www.sunkaraoke.hu \/ Inf: Tel: 06 20 4275001<\/p>\n<p>&#8212;Intr\u00f3&#8212;<br \/>\n\u00datra kelt\u00fcnk v\u00e9gre a K\u00e1rp\u00e1t-medenc\u00e9be,<br \/>\nmindenhov\u00e1 megy\u00fcnk, hol v\u00e1rtok r\u00e1nk.<br \/>\nM\u00e1sf\u00e9l \u00e9vig csend volt, oly neh\u00e9z volt az \u00e9let,<br \/>\n\u00fagy v\u00e1rjuk m\u00e1r az \u00faj tal\u00e1lkoz\u00e1st.<br \/>\nMivel\u00fcnk az\u00f3ta annyi minden t\u00f6rt\u00e9nt,<br \/>\nsose lenne v\u00e9ge, ha mondan\u00e1nk.<br \/>\nDe \u00fajra sz\u00f3l a dal \u00e9s elindultunk v\u00e9gre,<br \/>\nnagyon b\u00edzunk benne, hogy eml\u00e9keztek r\u00e1nk.<\/p>\n<p>Azt besz\u00e9li m\u00e1r az eg\u00e9sz v\u00e1ros,<br \/>\nhogy \u00fajra d\u00fcb\u00f6r\u00f6g a banda.<br \/>\nAzt besz\u00e9li m\u00e1r az eg\u00e9sz v\u00e1ros,<br \/>\nhogy \u00fajra d\u00fcb\u00f6r\u00f6g a banda.<br \/>\n&#8211;Sz\u00f3l\u00f3&#8212;<br \/>\nK\u00f6rbe-k\u00f6rbe megy\u00fcnk kicsi orsz\u00e1gunkban,<br \/>\ns \u00e9nekelj\u00fck k\u00f6zben a csavarg\u00f3k dal\u00e1t.<br \/>\nBalatonn\u00e1l lesz\u00fcnk a ny\u00e1ri h\u00f3napokban.<br \/>\nfelkeress\u00fck \u00fajra Pestet \u00e9s Bud\u00e1t.<br \/>\nA miskolci bulin a haverokat v\u00e1rjuk,<br \/>\n\u00e1tdum\u00e1ljuk vel\u00fck az \u00e9jszak\u00e1t,<br \/>\n\u00e9s Szegeden \u00e9jjel a foly\u00f3parton \u00fcl\u00fcnk,<br \/>\nP\u00e9csett megcsod\u00e1ljuk a sok gy\u00f6ny\u00f6r\u0171 l\u00e1nyt.<br \/>\n&#8212;Sz\u00f3l\u00f3&#8212;<br \/>\nAzt besz\u00e9li m\u00e1r az eg\u00e9sz v\u00e1ros,<br \/>\nhogy \u00fajra d\u00fcb\u00f6r\u00f6g a banda.<br \/>\nAzt besz\u00e9li m\u00e1r az eg\u00e9sz v\u00e1ros,<br \/>\nhogy \u00fajra d\u00fcb\u00f6r\u00f6g a banda.<br \/>\nAzt besz\u00e9li m\u00e1r az eg\u00e9sz v\u00e1ros,<br \/>\nhogy \u00fajra d\u00fcb\u00f6r\u00f6g a banda.<br \/>\n&#8212;V\u00e9ge&#8212;<\/p>\n<p>&nbsp;<\/p>\n","protected":false},"featured_media":10445,"template":"","meta":{"site-sidebar-layout":"default","site-content-layout":"default","ast-site-content-layout":"default","site-content-style":"default","site-sidebar-style":"default","ast-global-header-display":"","ast-banner-title-visibility":"","ast-main-header-display":"","ast-hfb-above-header-display":"","ast-hfb-below-header-display":"","ast-hfb-mobile-header-display":"","site-post-title":"","ast-breadcrumbs-content":"","ast-featured-img":"","footer-sml-layout":"","theme-transparent-header-meta":"default","adv-header-id-meta":"","stick-header-meta":"","header-above-stick-meta":"","header-main-stick-meta":"","header-below-stick-meta":"","astra-migrate-meta-layouts":"set","ast-page-background-enabled":"default","ast-page-background-meta":{"desktop":{"background-color":"var(--ast-global-color-4)","background-image":"","background-repeat":"repeat","background-position":"center center","background-size":"auto","background-attachment":"scroll","background-type":"","background-media":"","overlay-type":"","overlay-color":"","overlay-opacity":"","overlay-gradient":""},"tablet":{"background-color":"","background-image":"","background-repeat":"repeat","background-position":"center center","background-size":"auto","background-attachment":"scroll","background-type":"","background-media":"","overlay-type":"","overlay-color":"","overlay-opacity":"","overlay-gradient":""},"mobile":{"background-color":"","background-image":"","background-repeat":"repeat","background-position":"center center","background-size":"auto","background-attachment":"scroll","background-type":"","background-media":"","overlay-type":"","overlay-color":"","overlay-opacity":"","overlay-gradient":""}},"ast-content-background-meta":{"desktop":{"background-color":"var(--ast-global-color-5)","background-image":"","background-repeat":"repeat","background-position":"center center","background-size":"auto","background-attachment":"scroll","background-type":"","background-media":"","overlay-type":"","overlay-color":"","overlay-opacity":"","overlay-gradient":""},"tablet":{"background-color":"var(--ast-global-color-5)","background-image":"","background-repeat":"repeat","background-position":"center center","background-size":"auto","background-attachment":"scroll","background-type":"","background-media":"","overlay-type":"","overlay-color":"","overlay-opacity":"","overlay-gradient":""},"mobile":{"background-color":"var(--ast-global-color-5)","background-image":"","background-repeat":"repeat","background-position":"center center","background-size":"auto","background-attachment":"scroll","background-type":"","background-media":"","overlay-type":"","overlay-color":"","overlay-opacity":"","overlay-gradient":""}}},"product_cat":[48],"product_tag":[],"class_list":["post-10443","product","type-product","status-publish","has-post-thumbnail","hentry","product_cat-sunkaraoke-dalok","desktop-align-left","tablet-align-left","mobile-align-left"],"_links":{"self":[{"href":"https:\/\/www.sunkaraoke.hu\/index.php\/wp-json\/wp\/v2\/product\/10443","targetHints":{"allow":["GET"]}}],"collection":[{"href":"https:\/\/www.sunkaraoke.hu\/index.php\/wp-json\/wp\/v2\/product"}],"about":[{"href":"https:\/\/www.sunkaraoke.hu\/index.php\/wp-json\/wp\/v2\/types\/product"}],"wp:featuredmedia":[{"embeddable":true,"href":"https:\/\/www.sunkaraoke.hu\/index.php\/wp-json\/wp\/v2\/media\/10445"}],"wp:attachment":[{"href":"https:\/\/www.sunkaraoke.hu\/index.php\/wp-json\/wp\/v2\/media?parent=10443"}],"wp:term":[{"taxonomy":"product_cat","embeddable":true,"href":"https:\/\/www.sunkaraoke.hu\/index.php\/wp-json\/wp\/v2\/product_cat?post=10443"},{"taxonomy":"product_tag","embeddable":true,"href":"https:\/\/www.sunkaraoke.hu\/index.php\/wp-json\/wp\/v2\/product_tag?post=10443"}],"curies":[{"name":"wp","href":"https:\/\/api.w.org\/{rel}","templated":true}]}}