{"id":10114,"date":"2022-12-08T08:56:39","date_gmt":"2022-12-08T08:56:39","guid":{"rendered":"https:\/\/www.sunkaraoke.hu\/?post_type=product&#038;p=10114"},"modified":"2025-06-22T15:53:50","modified_gmt":"2025-06-22T13:53:50","slug":"aradszky-laszlo-pokhalo-van-mar-az-ablakon-2022","status":"publish","type":"product","link":"https:\/\/www.sunkaraoke.hu\/index.php\/termek\/aradszky-laszlo-pokhalo-van-mar-az-ablakon-2022\/","title":{"rendered":"<div class=\"wcmp-player-container product-10114\"><audio controlslist=\"nodownload\" data-product=\"10114\"  volume=\"1\"  preload=\"none\" data-lazyloading=\"none\" class=\"wcmp-player track mejs-classic\" data-duration=\"0:31\" data-estimated_duration=\"4\"><source src=\"https:\/\/www.sunkaraoke.hu\/wp-content\/uploads\/2022\/12\/Pokhalo-master-2022_demo.mp3\" type=\"audio\/mp3\" \/><\/audio><\/div>Aradszky L\u00e1szl\u00f3: P\u00f3kh\u00e1l\u00f3 van m\u00e1r az ablakon (Origina PB Edition)"},"content":{"rendered":"<p><strong>03:22<\/strong>\u00a0| <strong><img loading=\"lazy\" decoding=\"async\" class=\"alignnone size-full wp-image-467\" src=\"https:\/\/www.sunkaraoke.hu\/wp-content\/uploads\/2022\/07\/choir_2-copy.webp\" alt=\"\" width=\"30\" height=\"30\" \/> <\/strong><\/p>\n","protected":false},"excerpt":{"rendered":"<h6><strong>Bits\u0171r\u0171s\u00e9g: 320kb\/s<\/strong><br \/>\n<strong>Hossz: 03:22<\/strong><\/h6>\n<h6><strong>Vok\u00e1lt tartalmaz: Nem <img loading=\"lazy\" decoding=\"async\" class=\"alignnone size-full wp-image-467\" src=\"http:\/\/www.sunkaraoke.hu\/wp-content\/uploads\/2022\/07\/choir_2-copy.png\" alt=\"\" width=\"30\" height=\"30\" \/><\/strong><\/h6>\n<p>Sunkaraoke mp3 st\u00fadi\u00f3 \/ www.sunkaraoke.hu \/ Inf: Tel: 06 20 4275001<\/p>\n<p>&#8212;Intr\u00f3&#8212;<br \/>\nA domboldalon \u00e1ll egy r\u00e9gi kunyh\u00f3,<br \/>\n\u00e9n m\u00e9g sokszor arr\u00f3l \u00e1lmodom.<br \/>\nSenki nem j\u00e1r mostan\u00e1ban arra,<br \/>\np\u00f3kh\u00e1l\u00f3 van m\u00e1r az ablakon.<br \/>\n&#8212;Sz\u00f3l\u00f3&#8212;<br \/>\nA r\u00e9gi cs\u00f3kok \u00edze most is ott \u00e9l,<br \/>\nhol sz\u00e1zezerszer \u00e1t\u00f6lelt karom.<br \/>\nElfeledted, r\u00e9gen messze ment\u00e9l,<br \/>\np\u00f3kh\u00e1l\u00f3 van m\u00e1r az ablakon.<br \/>\n&#8212;Sz\u00f3l\u00f3&#8212;<br \/>\n\u00c1lmaimban sok-sok \u00e9jjel,<br \/>\n\u00fajb\u00f3l ott vagyunk,<br \/>\nk\u00f6r\u00f6tt\u00fcnk hallgat a csend,<br \/>\nmi is hallgatunk.<br \/>\n\u00c9des \u00e1lmod\u00e1s, de j\u0151 a pirkad\u00e1s,<br \/>\ns elt\u0171nik, az \u00e9ji l\u00e1tom\u00e1s.<br \/>\nS a kunyh\u00f3 ott \u00e1ll,<br \/>\negymag\u00e1ra hagyva,<br \/>\nhol sz\u00e1zezerszer \u00e1t\u00f6lelt karom.<br \/>\nSenki nem j\u00e1r mostan\u00e1ban arra,<br \/>\np\u00f3kh\u00e1l\u00f3 van m\u00e1r az ablakon.<br \/>\n&#8212;Sz\u00f3l\u00f3&#8212;<br \/>\n\u00c1lmaimban sok-sok \u00e9jjel,<br \/>\n\u00fajb\u00f3l ott vagyunk,<br \/>\nk\u00f6r\u00f6tt\u00fcnk hallgat a csend,<br \/>\nmi is hallgatunk.<br \/>\n\u00c9des \u00e1lmod\u00e1s,<br \/>\nde j\u0151 a pirkad\u00e1s,<br \/>\ns elt\u0171nik, az \u00e9ji l\u00e1tom\u00e1s.<br \/>\nS a kunyh\u00f3 ott \u00e1ll,<br \/>\negymag\u00e1ra hagyva,<br \/>\nhol sz\u00e1zezerszer \u00e1t\u00f6lelt karom.<br \/>\nSenki nem j\u00e1r mostan\u00e1ban arra,<br \/>\np\u00f3kh\u00e1l\u00f3 van m\u00e1r az ablakon.<br \/>\n&#8212;Sz\u00f3l\u00f3&#8212;<br \/>\nP\u00f3kh\u00e1l\u00f3 van m\u00e1r az ablakon&#8230;<br \/>\nP\u00f3kh\u00e1l\u00f3 van m\u00e1r az ablakon&#8230;<br \/>\n&#8212;V\u00e9ge&#8212;<\/p>\n","protected":false},"featured_media":10081,"template":"","meta":{"site-sidebar-layout":"default","site-content-layout":"default","ast-site-content-layout":"default","site-content-style":"default","site-sidebar-style":"default","ast-global-header-display":"","ast-banner-title-visibility":"","ast-main-header-display":"","ast-hfb-above-header-display":"","ast-hfb-below-header-display":"","ast-hfb-mobile-header-display":"","site-post-title":"","ast-breadcrumbs-content":"","ast-featured-img":"","footer-sml-layout":"","theme-transparent-header-meta":"default","adv-header-id-meta":"","stick-header-meta":"","header-above-stick-meta":"","header-main-stick-meta":"","header-below-stick-meta":"","astra-migrate-meta-layouts":"set","ast-page-background-enabled":"default","ast-page-background-meta":{"desktop":{"background-color":"var(--ast-global-color-4)","background-image":"","background-repeat":"repeat","background-position":"center center","background-size":"auto","background-attachment":"scroll","background-type":"","background-media":"","overlay-type":"","overlay-color":"","overlay-opacity":"","overlay-gradient":""},"tablet":{"background-color":"","background-image":"","background-repeat":"repeat","background-position":"center center","background-size":"auto","background-attachment":"scroll","background-type":"","background-media":"","overlay-type":"","overlay-color":"","overlay-opacity":"","overlay-gradient":""},"mobile":{"background-color":"","background-image":"","background-repeat":"repeat","background-position":"center center","background-size":"auto","background-attachment":"scroll","background-type":"","background-media":"","overlay-type":"","overlay-color":"","overlay-opacity":"","overlay-gradient":""}},"ast-content-background-meta":{"desktop":{"background-color":"var(--ast-global-color-5)","background-image":"","background-repeat":"repeat","background-position":"center center","background-size":"auto","background-attachment":"scroll","background-type":"","background-media":"","overlay-type":"","overlay-color":"","overlay-opacity":"","overlay-gradient":""},"tablet":{"background-color":"var(--ast-global-color-5)","background-image":"","background-repeat":"repeat","background-position":"center center","background-size":"auto","background-attachment":"scroll","background-type":"","background-media":"","overlay-type":"","overlay-color":"","overlay-opacity":"","overlay-gradient":""},"mobile":{"background-color":"var(--ast-global-color-5)","background-image":"","background-repeat":"repeat","background-position":"center center","background-size":"auto","background-attachment":"scroll","background-type":"","background-media":"","overlay-type":"","overlay-color":"","overlay-opacity":"","overlay-gradient":""}}},"product_cat":[48],"product_tag":[],"class_list":["post-10114","product","type-product","status-publish","has-post-thumbnail","hentry","product_cat-sunkaraoke-dalok","desktop-align-left","tablet-align-left","mobile-align-left"],"_links":{"self":[{"href":"https:\/\/www.sunkaraoke.hu\/index.php\/wp-json\/wp\/v2\/product\/10114","targetHints":{"allow":["GET"]}}],"collection":[{"href":"https:\/\/www.sunkaraoke.hu\/index.php\/wp-json\/wp\/v2\/product"}],"about":[{"href":"https:\/\/www.sunkaraoke.hu\/index.php\/wp-json\/wp\/v2\/types\/product"}],"wp:featuredmedia":[{"embeddable":true,"href":"https:\/\/www.sunkaraoke.hu\/index.php\/wp-json\/wp\/v2\/media\/10081"}],"wp:attachment":[{"href":"https:\/\/www.sunkaraoke.hu\/index.php\/wp-json\/wp\/v2\/media?parent=10114"}],"wp:term":[{"taxonomy":"product_cat","embeddable":true,"href":"https:\/\/www.sunkaraoke.hu\/index.php\/wp-json\/wp\/v2\/product_cat?post=10114"},{"taxonomy":"product_tag","embeddable":true,"href":"https:\/\/www.sunkaraoke.hu\/index.php\/wp-json\/wp\/v2\/product_tag?post=10114"}],"curies":[{"name":"wp","href":"https:\/\/api.w.org\/{rel}","templated":true}]}}