{"id":10095,"date":"2022-12-07T15:26:29","date_gmt":"2022-12-07T15:26:29","guid":{"rendered":"https:\/\/www.sunkaraoke.hu\/?post_type=product&#038;p=10095"},"modified":"2025-04-14T04:50:25","modified_gmt":"2025-04-14T04:50:25","slug":"jerzsele-zoltan-jerzsele-mulatos-mix-13","status":"publish","type":"product","link":"https:\/\/www.sunkaraoke.hu\/index.php\/termek\/jerzsele-zoltan-jerzsele-mulatos-mix-13\/","title":{"rendered":"<div class=\"wcmp-player-container product-10095\"><audio controlslist=\"nodownload\" data-product=\"10095\"  volume=\"1\"  preload=\"none\" data-lazyloading=\"none\" class=\"wcmp-player track mejs-classic\" data-duration=\"0:34\" data-estimated_duration=\"4\"><source src=\"https:\/\/www.sunkaraoke.hu\/wp-content\/uploads\/2022\/12\/Jerzsele-mulatos-mix-13.-_demo.mp3\" type=\"audio\/mp3\" \/><\/audio><\/div>Jerzsele Zolt\u00e1n- Jerzsele mulat\u00f3s mix 13.(Original)"},"content":{"rendered":"<p><b>04:32<\/b>| <strong><img loading=\"lazy\" decoding=\"async\" class=\"alignnone size-full wp-image-467\" src=\"https:\/\/www.sunkaraoke.hu\/wp-content\/uploads\/2022\/07\/choir_2-copy.webp\" alt=\"\" width=\"30\" height=\"30\" \/> <\/strong><\/p>\n","protected":false},"excerpt":{"rendered":"<h6><strong>Bits\u0171r\u0171s\u00e9g: 160kb\/s &#8211; 320 kb\/s<\/strong><br \/>\n<strong>Hossz: 04:32<\/strong><\/h6>\n<h6><strong>Vok\u00e1lt tartalmaz: Nem<\/strong> <img loading=\"lazy\" decoding=\"async\" class=\"alignnone size-full wp-image-467\" src=\"http:\/\/www.sunkaraoke.hu\/wp-content\/uploads\/2022\/07\/choir_2-copy.png\" alt=\"\" width=\"30\" height=\"30\" \/><strong style=\"font-size: 16px;\"><br \/>\n<\/strong><\/h6>\n<p>Sunkaraoke mp3 st\u00fadi\u00f3 \/ www.sunkaraoke.hu \/ Inf: Tel: 06 20 4275001<\/p>\n<p>&#8212;Intro&#8212;Gm&#8212;<br \/>\n&#8212;F\u00fav\u00f3s&#8212;Budapest ha r\u00e1k\u00f6sz\u00f6n&#8212;<br \/>\nBudapest ha r\u00e1k\u00f6sz\u00f6n a v\u00e9n ligetre,<br \/>\na t\u00f3n\u00e1l egy kis padon.<br \/>\nV\u00e1r re\u00e1m egy \u00e9des cs\u00f3kkal minden este,<br \/>\negy kisl\u00e1ny az angyalom.<br \/>\nMesszir\u0151l egy \u00f3cska verkli sl\u00e1gert j\u00e1tszik,<br \/>\ne dal a sz\u00edv\u00fcnkh\u00f6z sz\u00f3l.<br \/>\nHa \u00fct\u00f6m, ha verem, \u0151 ma a haverem,<br \/>\nez n\u00e1lunk a f\u0151 szab\u00e1ly.<br \/>\nHa \u00fct\u00f6m, ha verem, \u0151 ma a haverem,<br \/>\nez n\u00e1lunk a f\u0151 szab\u00e1ly.<br \/>\n&#8212;F\u00fav\u00f3s&#8212;<br \/>\nBudapest ha r\u00e1k\u00f6sz\u00f6n a v\u00e9n ligetre,<br \/>\na t\u00f3n\u00e1l egy kis padon.<br \/>\nV\u00e1r re\u00e1m egy \u00e9des cs\u00f3kkal minden este,<br \/>\negy kisl\u00e1ny az angyalom.<br \/>\nMesszir\u0151l egy \u00f3cska verkli sl\u00e1gert j\u00e1tszik,<br \/>\ne dal a sz\u00edv\u00fcnkh\u00f6z sz\u00f3l.<br \/>\nHa \u00fct\u00f6m, ha verem, \u0151 ma a haverem,<br \/>\nez n\u00e1lunk a f\u0151 szab\u00e1ly.<br \/>\nHa \u00fct\u00f6m, ha verem, \u0151 ma a haverem,<br \/>\nez n\u00e1lunk a f\u0151 szab\u00e1ly.<br \/>\n&#8212;F\u00fav\u00f3s&#8212;Jaj de nagyon&#8212;<br \/>\nJaj de nagyon r\u00e9gen volt de sok\u00e1 lesz,<br \/>\nmikor n\u00e9kem g\u00f6nd\u00f6r haj\u00fa bab\u00e1m lesz.<br \/>\nJaj de nagyon r\u00e9gen volt de sok\u00e1 lesz,<br \/>\nmikor n\u00e9kem g\u00f6nd\u00f6r haj\u00fa bab\u00e1m lesz.<br \/>\nG\u00f6nd\u00f6r a haja, karcs\u00fa a dereka,<br \/>\nmeg\u00f6leln\u00e9m sej de \u0151 nem akarja.<br \/>\nG\u00f6nd\u00f6r a haja, karcs\u00fa a dereka,<br \/>\nmeg\u00f6leln\u00e9m sej de \u0151 nem akarja.<br \/>\n&#8212;F\u00fav\u00f3s&#8212;<br \/>\nBefogom az ostoromat nyolc \u00e1gra,<br \/>\nr\u00e1verek a kis pejlovam h\u00e1t\u00e1ra.<br \/>\nBefogom az ostoromat nyolc \u00e1gra,<br \/>\nr\u00e1verek a kis pejlovam h\u00e1t\u00e1ra.<br \/>\nF\u00fajja a sz\u00e9l lefel\u00e9, lefel\u00e9 de lefel\u00e9,<br \/>\nkis angyalom nem igaz\u00e1n szerett\u00e9l.<br \/>\nF\u00fajja a sz\u00e9l lefel\u00e9, lefel\u00e9 de lefel\u00e9,<br \/>\nkis angyalom nem igaz\u00e1n szerett\u00e9l!<br \/>\n&#8212;F\u00fav\u00f3s&#8212;!!!Megh\u00fazza!!!<br \/>\n&#8212;V\u00e9ge&#8212;<br \/>\n&#8212;Jer\u00f3 Music &#8211; 2022.&#8212;<\/p>\n","protected":false},"featured_media":9772,"template":"","meta":{"site-sidebar-layout":"default","site-content-layout":"default","ast-site-content-layout":"default","site-content-style":"default","site-sidebar-style":"default","ast-global-header-display":"","ast-banner-title-visibility":"","ast-main-header-display":"","ast-hfb-above-header-display":"","ast-hfb-below-header-display":"","ast-hfb-mobile-header-display":"","site-post-title":"","ast-breadcrumbs-content":"","ast-featured-img":"","footer-sml-layout":"","theme-transparent-header-meta":"default","adv-header-id-meta":"","stick-header-meta":"","header-above-stick-meta":"","header-main-stick-meta":"","header-below-stick-meta":"","astra-migrate-meta-layouts":"set","ast-page-background-enabled":"default","ast-page-background-meta":{"desktop":{"background-color":"var(--ast-global-color-4)","background-image":"","background-repeat":"repeat","background-position":"center center","background-size":"auto","background-attachment":"scroll","background-type":"","background-media":"","overlay-type":"","overlay-color":"","overlay-opacity":"","overlay-gradient":""},"tablet":{"background-color":"","background-image":"","background-repeat":"repeat","background-position":"center center","background-size":"auto","background-attachment":"scroll","background-type":"","background-media":"","overlay-type":"","overlay-color":"","overlay-opacity":"","overlay-gradient":""},"mobile":{"background-color":"","background-image":"","background-repeat":"repeat","background-position":"center center","background-size":"auto","background-attachment":"scroll","background-type":"","background-media":"","overlay-type":"","overlay-color":"","overlay-opacity":"","overlay-gradient":""}},"ast-content-background-meta":{"desktop":{"background-color":"var(--ast-global-color-5)","background-image":"","background-repeat":"repeat","background-position":"center center","background-size":"auto","background-attachment":"scroll","background-type":"","background-media":"","overlay-type":"","overlay-color":"","overlay-opacity":"","overlay-gradient":""},"tablet":{"background-color":"var(--ast-global-color-5)","background-image":"","background-repeat":"repeat","background-position":"center center","background-size":"auto","background-attachment":"scroll","background-type":"","background-media":"","overlay-type":"","overlay-color":"","overlay-opacity":"","overlay-gradient":""},"mobile":{"background-color":"var(--ast-global-color-5)","background-image":"","background-repeat":"repeat","background-position":"center center","background-size":"auto","background-attachment":"scroll","background-type":"","background-media":"","overlay-type":"","overlay-color":"","overlay-opacity":"","overlay-gradient":""}}},"product_cat":[75],"product_tag":[],"class_list":["post-10095","product","type-product","status-publish","has-post-thumbnail","hentry","product_cat-jerzsele-zoltan","desktop-align-left","tablet-align-left","mobile-align-left"],"_links":{"self":[{"href":"https:\/\/www.sunkaraoke.hu\/index.php\/wp-json\/wp\/v2\/product\/10095","targetHints":{"allow":["GET"]}}],"collection":[{"href":"https:\/\/www.sunkaraoke.hu\/index.php\/wp-json\/wp\/v2\/product"}],"about":[{"href":"https:\/\/www.sunkaraoke.hu\/index.php\/wp-json\/wp\/v2\/types\/product"}],"wp:featuredmedia":[{"embeddable":true,"href":"https:\/\/www.sunkaraoke.hu\/index.php\/wp-json\/wp\/v2\/media\/9772"}],"wp:attachment":[{"href":"https:\/\/www.sunkaraoke.hu\/index.php\/wp-json\/wp\/v2\/media?parent=10095"}],"wp:term":[{"taxonomy":"product_cat","embeddable":true,"href":"https:\/\/www.sunkaraoke.hu\/index.php\/wp-json\/wp\/v2\/product_cat?post=10095"},{"taxonomy":"product_tag","embeddable":true,"href":"https:\/\/www.sunkaraoke.hu\/index.php\/wp-json\/wp\/v2\/product_tag?post=10095"}],"curies":[{"name":"wp","href":"https:\/\/api.w.org\/{rel}","templated":true}]}}