{"id":10069,"date":"2022-12-05T11:58:31","date_gmt":"2022-12-05T11:58:31","guid":{"rendered":"https:\/\/www.sunkaraoke.hu\/?post_type=product&#038;p=10069"},"modified":"2025-04-14T04:51:01","modified_gmt":"2025-04-14T04:51:01","slug":"piros-bela-piros-roma-mix-01","status":"publish","type":"product","link":"https:\/\/www.sunkaraoke.hu\/index.php\/termek\/piros-bela-piros-roma-mix-01\/","title":{"rendered":"<div class=\"wcmp-player-container product-10069\"><audio controlslist=\"nodownload\" data-product=\"10069\"  volume=\"1\"  preload=\"none\" data-lazyloading=\"none\" class=\"wcmp-player track mejs-classic\" data-duration=\"0:31\" data-estimated_duration=\"4\"><source src=\"https:\/\/www.sunkaraoke.hu\/wp-content\/uploads\/2022\/12\/Piros-Roma-mix-01_demo.mp3\" type=\"audio\/mp3\" \/><\/audio><\/div>Piros B\u00e9la &#8211; Piros Roma Mix 01.(Original)"},"content":{"rendered":"<p><b>09:20<\/b>| <strong><img loading=\"lazy\" decoding=\"async\" class=\"alignnone size-full wp-image-467\" src=\"https:\/\/www.sunkaraoke.hu\/wp-content\/uploads\/2022\/07\/choir_2-copy.webp\" alt=\"\" width=\"30\" height=\"30\" \/> <\/strong><\/p>\n","protected":false},"excerpt":{"rendered":"<h6><strong>Bits\u0171r\u0171s\u00e9g: 320kb\/s<\/strong><br \/>\n<strong>Hossz: 09:20<\/strong><br \/>\n<strong>Vok\u00e1lt tartalmaz: Nem <img loading=\"lazy\" decoding=\"async\" class=\"alignnone size-full wp-image-467\" src=\"http:\/\/www.sunkaraoke.hu\/wp-content\/uploads\/2022\/07\/choir_2-copy.png\" alt=\"\" width=\"30\" height=\"30\" \/><\/strong><strong style=\"font-size: 16px;\"><br \/>\n<\/strong><\/h6>\n<p>Sunkaraoke mp3 st\u00fadi\u00f3 \/ www.sunkaraoke.hu \/ Inf: Tel: 06 20 4275001<\/p>\n<p>&#8212;Intr\u00f3&#8212;<br \/>\nA cig\u00e1nyok, sej, haj \u00fagy \u00e9lnek,<br \/>\nha nem lopnak, cser\u00e9lnek.<br \/>\nCser\u00e9lik a t\u00fczes lovakat,<br \/>\nissz\u00e1k a j\u00f3 borokat.<br \/>\nCser\u00e9lik a t\u00fczes lovakat,<br \/>\nissz\u00e1k a j\u00f3 borokat.<\/p>\n<p>Hej kis k\u00e9sem, dr\u00e1ga kis k\u00e9sem,<br \/>\na dr\u00e1ga kis feles\u00e9gem.<br \/>\nHa te elm\u00e9sz, sej haj \u00e9n is el,<br \/>\nde t\u0151led nem maradok el.<br \/>\nHa te elm\u00e9sz, sej haj \u00e9n is el,<br \/>\nde t\u0151led nem maradok el.<br \/>\n&#8212;Sz\u00f3l\u00f3&#8212;<br \/>\nA cig\u00e1nyok, sej, haj \u00fagy \u00e9lnek,<br \/>\nha nem lopnak, cser\u00e9lnek.<br \/>\nCser\u00e9lik a t\u00fczes lovakat,<br \/>\nissz\u00e1k a j\u00f3 borokat.<br \/>\nCser\u00e9lik a t\u00fczes lovakat,<br \/>\nissz\u00e1k a j\u00f3 borokat.<\/p>\n<p>Hej kis k\u00e9sem, dr\u00e1ga kis k\u00e9sem,<br \/>\na dr\u00e1ga kis feles\u00e9gem.<br \/>\nHa te elm\u00e9sz, sej haj \u00e9n is el,<br \/>\nde t\u0151led nem maradok el.<br \/>\nHa te elm\u00e9sz, sej haj \u00e9n is el,<br \/>\nde t\u0151led nem maradok el.<br \/>\n&#8212;Sz\u00f3l\u00f3&#8212;<br \/>\nErd\u0151 sz\u00e9l\u00e9n s\u00e1toroznak az ol\u00e1h cig\u00e1nyok.<br \/>\nJegenyefa tetej\u00e9r\u0151l a rig\u00f3 f\u00fcty\u00fcl r\u00e1juk.<br \/>\nJegenyefa tetej\u00e9r\u0151l a rig\u00f3 f\u00fcty\u00fcl r\u00e1juk.<\/p>\n<p>\u00d6sszeszedik a sz\u00e9n\u00e1t,zabot a f\u00e9lszem\u0171 lov\u00e1nak.<br \/>\nApr\u00f3halat,d\u00f6gl\u00f6tt ty\u00fakot a cs\u00f3r\u00f3 csal\u00e1dj\u00e1nak.<br \/>\nApr\u00f3halat,d\u00f6gl\u00f6tt ty\u00fakot a cs\u00f3r\u00f3 csal\u00e1dj\u00e1nak.<\/p>\n<p>Az emberek az erd\u0151ben mind a tekn\u0151t v\u00e1jj\u00e1k.<br \/>\nAz asszonyok a faluban a k\u00e1rty\u00e1t vetik-h\u00e1nyj\u00e1k.<br \/>\nAz asszonyok a faluban a k\u00e1rty\u00e1t vetik-h\u00e1nyj\u00e1k.<\/p>\n<p>Az\u00e9rt nincsen a cig\u00e1nynak, h\u00e1rom emeletes h\u00e1za,<br \/>\nmert fizet\u00e9skor bemegy a kocsm\u00e1ba,<br \/>\noszt mindet oda h\u00e1nyja.<br \/>\nMert fizet\u00e9skor bemegy a kocsm\u00e1ba,<br \/>\noszt mindet oda h\u00e1nyja.<br \/>\n&#8212;Sz\u00f3l\u00f3&#8212;<br \/>\nF\u00e1j a sz\u00edvem,jaj,de nagyon beteg,orvoshoz \u00e9n vele m\u00e9gse megyek.<br \/>\nKib\u00edrom \u00e9n,ak\u00e1rhogy is f\u00e1j.<br \/>\nF\u00e1j a sz\u00edvem,jaj,de nagyon beteg,orvoshoz \u00e9n vele m\u00e9gse megyek.<br \/>\nKib\u00edrom \u00e9n,ak\u00e1rhogy is f\u00e1j.<\/p>\n<p>Egy cs\u00f3k ut\u00e1n \u00fagy \u00e9g a sz\u00e1m,gyere,bab\u00e1m,simulj hozz\u00e1m!<br \/>\nNem b\u00e1nom \u00e9n,ak\u00e1rhogy is f\u00e1j az \u00e9n sz\u00edvem.<br \/>\nF\u00e1j a sz\u00edvem,jaj,de nagyon beteg,orvoshoz \u00e9n vele m\u00e9gse megyek.<br \/>\nKib\u00edrom \u00e9n,ak\u00e1rhogy is f\u00e1j.<br \/>\nEgy cs\u00f3k ut\u00e1n \u00fagy \u00e9g a sz\u00e1m,gyere,bab\u00e1m,simulj hozz\u00e1m!<br \/>\nNem b\u00e1nom \u00e9n,ak\u00e1rhogy is f\u00e1j az \u00e9n sz\u00edvem.<br \/>\nF\u00e1j a sz\u00edvem,jaj,de nagyon beteg,orvoshoz \u00e9n vele m\u00e9gse megyek.<br \/>\nKib\u00edrom \u00e9n,ak\u00e1rhogy is f\u00e1j.<\/p>\n<p>F\u00e1j a sz\u00edvem,jaj,de nagyon beteg,az \u00e9n sz\u00edvem a szerelem\u00e9rt remeg.<br \/>\nCs\u00e1b\u00edtani engem nem lehet.<br \/>\nF\u00e1j a sz\u00edvem,jaj,de nagyon beteg,az \u00e9n sz\u00edvem a szerelem\u00e9rt remeg.<br \/>\nCs\u00e1b\u00edtani engem nem lehet.<\/p>\n<p>Egy cs\u00f3k ut\u00e1n \u00fagy \u00e9g a sz\u00e1m,gyere,bab\u00e1m,simulj hozz\u00e1m!<br \/>\nNem b\u00e1nom \u00e9n,ak\u00e1rhogy is f\u00e1j az \u00e9n sz\u00edvem.<br \/>\nF\u00e1j a sz\u00edvem,jaj,de nagyon beteg,orvoshoz \u00e9n vele m\u00e9gse megyek.<br \/>\nKib\u00edrom \u00e9n,ak\u00e1rhogy is f\u00e1j.<br \/>\nEgy cs\u00f3k ut\u00e1n \u00fagy \u00e9g a sz\u00e1m,gyere,bab\u00e1m,simulj hozz\u00e1m!<br \/>\nNem b\u00e1nom \u00e9n,ak\u00e1rhogy is f\u00e1j az \u00e9n sz\u00edvem.<br \/>\nF\u00e1j a sz\u00edvem,jaj,de nagyon beteg,orvoshoz \u00e9n vele m\u00e9gse megyek.<br \/>\nKib\u00edrom \u00e9n,ak\u00e1rhogy is f\u00e1j.<br \/>\n&#8212;Sz\u00f3l\u00f3&#8212;<br \/>\nHej,te k\u00f3p\u00e9,hej,te k\u00f3p\u00e9,minek vagy,de minek vagy,<br \/>\nHogyha mindig ilyen, nagyon beteg vagy,beteg vagy?<\/p>\n<p>Szedd \u00f6ssze a s\u00e1torf\u00e1dat,l\u00e1togasd meg az any\u00e1dat!<br \/>\nHej,te k\u00f3p\u00e9,hej,te k\u00f3p\u00e9,minek vagy,de minek vagy?<br \/>\nSzedd \u00f6ssze a s\u00e1torf\u00e1dat,l\u00e1togasd meg az any\u00e1dat!<br \/>\nHej,te k\u00f3p\u00e9,hej,te k\u00f3p\u00e9,minek vagy,de minek vagy?<\/p>\n<p>Hej,te k\u00f3p\u00e9,hej,te k\u00f3p\u00e9,minek vagy,de minek vagy,<br \/>\nHogyha mindig ilyen, nagyon beteg vagy,beteg vagy?<\/p>\n<p>Szedd \u00f6ssze a s\u00e1torf\u00e1dat,l\u00e1togasd meg az any\u00e1dat!<br \/>\nHej,te k\u00f3p\u00e9,hej,te k\u00f3p\u00e9,minek vagy,de minek vagy?<br \/>\nSzedd \u00f6ssze a s\u00e1torf\u00e1dat,l\u00e1togasd meg az any\u00e1dat!<br \/>\nHej,te k\u00f3p\u00e9,hej,te k\u00f3p\u00e9,minek vagy,de minek vagy?<br \/>\n&#8212;Sz\u00f3l\u00f3&#8212;<br \/>\n\u00c9n vagyok,\u00e9n,a pressz\u00f3 k\u00f6zep\u00e9n,eladom a sz\u00edvemet egy Forint\u00e9rt.<br \/>\n\u00c9n vagyok,\u00e9n,a pressz\u00f3 k\u00f6zep\u00e9n,eladom a sz\u00edvemet egy Forint\u00e9rt.<br \/>\nNem az\u00e9rt szeretlek,hogy \u00e9n el is vegyelek,cs\u00e1b\u00edtom a sz\u00edvedet.<br \/>\n\u00c9n vagyok,\u00e9n,a pressz\u00f3 k\u00f6zep\u00e9n,eladom a sz\u00edvemet egy Forint\u00e9rt.<br \/>\nNem az\u00e9rt szeretlek,hogy \u00e9n el is vegyelek,cs\u00e1b\u00edtom a sz\u00edvedet.<br \/>\n\u00c9n vagyok,\u00e9n,a pressz\u00f3 k\u00f6zep\u00e9n,eladom a sz\u00edvemet egy Forint\u00e9rt.<\/p>\n<p>\u00c9n vagyok,\u00e9n,a pressz\u00f3 k\u00f6zep\u00e9n,gyere,s\u00f3gor,igyunk meg egy csereszny\u00e9t!<br \/>\n\u00c9n vagyok,\u00e9n,a pressz\u00f3 k\u00f6zep\u00e9n,gyere,s\u00f3gor,igyunk meg egy csereszny\u00e9t!<br \/>\nNe ker\u00e1lj,ne ker\u00e1lj,nekem te ne vaker\u00e1lj!Gyere ide,dr\u00e1ga kis feles\u00e9gem!<br \/>\n\u00c9n vagyok,\u00e9n,a pressz\u00f3 k\u00f6zep\u00e9n,eladom a sz\u00edvemet egy Forint\u00e9rt.<br \/>\nNe ker\u00e1lj,ne ker\u00e1lj,nekem te ne vaker\u00e1lj!Gyere ide,dr\u00e1ga kis feles\u00e9gem!<br \/>\n\u00c9n vagyok,\u00e9n,a pressz\u00f3 k\u00f6zep\u00e9n,eladom a sz\u00edvemet egy Forint\u00e9rt.<br \/>\n&#8212;V\u00e9ge&#8212;<\/p>\n<p>&nbsp;<\/p>\n","protected":false},"featured_media":12989,"template":"","meta":{"site-sidebar-layout":"default","site-content-layout":"default","ast-site-content-layout":"default","site-content-style":"default","site-sidebar-style":"default","ast-global-header-display":"","ast-banner-title-visibility":"","ast-main-header-display":"","ast-hfb-above-header-display":"","ast-hfb-below-header-display":"","ast-hfb-mobile-header-display":"","site-post-title":"","ast-breadcrumbs-content":"","ast-featured-img":"","footer-sml-layout":"","theme-transparent-header-meta":"default","adv-header-id-meta":"","stick-header-meta":"","header-above-stick-meta":"","header-main-stick-meta":"","header-below-stick-meta":"","astra-migrate-meta-layouts":"set","ast-page-background-enabled":"default","ast-page-background-meta":{"desktop":{"background-color":"var(--ast-global-color-4)","background-image":"","background-repeat":"repeat","background-position":"center center","background-size":"auto","background-attachment":"scroll","background-type":"","background-media":"","overlay-type":"","overlay-color":"","overlay-opacity":"","overlay-gradient":""},"tablet":{"background-color":"","background-image":"","background-repeat":"repeat","background-position":"center center","background-size":"auto","background-attachment":"scroll","background-type":"","background-media":"","overlay-type":"","overlay-color":"","overlay-opacity":"","overlay-gradient":""},"mobile":{"background-color":"","background-image":"","background-repeat":"repeat","background-position":"center center","background-size":"auto","background-attachment":"scroll","background-type":"","background-media":"","overlay-type":"","overlay-color":"","overlay-opacity":"","overlay-gradient":""}},"ast-content-background-meta":{"desktop":{"background-color":"var(--ast-global-color-5)","background-image":"","background-repeat":"repeat","background-position":"center center","background-size":"auto","background-attachment":"scroll","background-type":"","background-media":"","overlay-type":"","overlay-color":"","overlay-opacity":"","overlay-gradient":""},"tablet":{"background-color":"var(--ast-global-color-5)","background-image":"","background-repeat":"repeat","background-position":"center center","background-size":"auto","background-attachment":"scroll","background-type":"","background-media":"","overlay-type":"","overlay-color":"","overlay-opacity":"","overlay-gradient":""},"mobile":{"background-color":"var(--ast-global-color-5)","background-image":"","background-repeat":"repeat","background-position":"center center","background-size":"auto","background-attachment":"scroll","background-type":"","background-media":"","overlay-type":"","overlay-color":"","overlay-opacity":"","overlay-gradient":""}}},"product_cat":[48],"product_tag":[],"class_list":["post-10069","product","type-product","status-publish","has-post-thumbnail","hentry","product_cat-sunkaraoke-dalok","desktop-align-left","tablet-align-left","mobile-align-left"],"_links":{"self":[{"href":"https:\/\/www.sunkaraoke.hu\/index.php\/wp-json\/wp\/v2\/product\/10069","targetHints":{"allow":["GET"]}}],"collection":[{"href":"https:\/\/www.sunkaraoke.hu\/index.php\/wp-json\/wp\/v2\/product"}],"about":[{"href":"https:\/\/www.sunkaraoke.hu\/index.php\/wp-json\/wp\/v2\/types\/product"}],"wp:featuredmedia":[{"embeddable":true,"href":"https:\/\/www.sunkaraoke.hu\/index.php\/wp-json\/wp\/v2\/media\/12989"}],"wp:attachment":[{"href":"https:\/\/www.sunkaraoke.hu\/index.php\/wp-json\/wp\/v2\/media?parent=10069"}],"wp:term":[{"taxonomy":"product_cat","embeddable":true,"href":"https:\/\/www.sunkaraoke.hu\/index.php\/wp-json\/wp\/v2\/product_cat?post=10069"},{"taxonomy":"product_tag","embeddable":true,"href":"https:\/\/www.sunkaraoke.hu\/index.php\/wp-json\/wp\/v2\/product_tag?post=10069"}],"curies":[{"name":"wp","href":"https:\/\/api.w.org\/{rel}","templated":true}]}}