{"id":10013,"date":"2022-11-23T09:52:37","date_gmt":"2022-11-23T09:52:37","guid":{"rendered":"https:\/\/www.sunkaraoke.hu\/?post_type=product&#038;p=10013"},"modified":"2025-04-14T04:51:58","modified_gmt":"2025-04-14T04:51:58","slug":"mario-nem-voltam-en-a-templomban-sb-cover","status":"publish","type":"product","link":"https:\/\/www.sunkaraoke.hu\/index.php\/termek\/mario-nem-voltam-en-a-templomban-sb-cover\/","title":{"rendered":"<div class=\"wcmp-player-container product-10013\"><audio controlslist=\"nodownload\" data-product=\"10013\"  volume=\"1\"  preload=\"none\" data-lazyloading=\"none\" class=\"wcmp-player track mejs-classic\" data-duration=\"0:34\" data-estimated_duration=\"4\"><source src=\"https:\/\/www.sunkaraoke.hu\/wp-content\/uploads\/2022\/11\/MARIO-NEM-VOLTAM-EN-A-TEMPLOMBAN-SB-_demo.mp3\" type=\"audio\/mp3\" \/><\/audio><\/div>M\u00e1ri\u00f3 &#8211; Nem voltam \u00e9n a templomban (Original SB Edition)"},"content":{"rendered":"<p><strong>02:39<\/strong>\u00a0\/\u00a0<img decoding=\"async\" src=\"https:\/\/www.sunkaraoke.hu\/wp-content\/uploads\/2022\/07\/choir_2-copy.webp\" \/> \/<\/p>\n","protected":false},"excerpt":{"rendered":"<h6><strong>Bits\u0171r\u0171s\u00e9g: 320kb\/s<\/strong><br \/>\n<strong>Hossz: 02:39<\/strong><br \/>\n<strong>Vok\u00e1lt tartalmaz: Nem <img decoding=\"async\" src=\"https:\/\/www.sunkaraoke.hu\/wp-content\/uploads\/2022\/07\/choir_2-copy.png\" \/><\/strong><strong style=\"font-size: 16px;\"><br \/>\n<\/strong><\/h6>\n<p>Sunkaraoke mp3 st\u00fadi\u00f3 \/ www.sunkaraoke.hu \/ Inf: Tel: 06 20 4275001<\/p>\n<p>&#8212;Intr\u00f3&#8212;<br \/>\nNem voltam \u00e9n a templomban h\u00e1rom hete,<br \/>\nelh\u00fazt\u00e1k a harangot.<br \/>\nAzt dalolt\u00e1k a toronyb\u00f3l a f\u00fclembe,<br \/>\nhogy a szerelemben meghalok.<br \/>\nAzt dalolt\u00e1k a toronyb\u00f3l a f\u00fclembe,<br \/>\nhogy a szerelemben meghalok.<br \/>\nZ\u00fagass\u00e1tok j\u00f3l h\u00fazz\u00e1tok messze halljon,<br \/>\nsz\u00e1lljon az \u00e9n b\u00e1natom.<br \/>\n\u00c9rjen el a galambomhoz nem tudom hogy merre van most ,<br \/>\nki\u00e9rt sz\u00edvem f\u00e1j nagyon.<br \/>\n\u00c9rjen el a galambomhoz nem tudom hogy merre van most,<br \/>\nki\u00e9rt sz\u00edvem f\u00e1j nagyon.<br \/>\n&#8212;Sz\u00f3l\u00f3&#8212;<br \/>\nNem voltam \u00e9n a templomban h\u00e1rom hete,<br \/>\nelh\u00fazt\u00e1k a harangot.<br \/>\nAzt dalolt\u00e1k a toronyb\u00f3l a f\u00fclembe,<br \/>\nhogy a szerelemben meghalok.<br \/>\nAzt dalolt\u00e1k a toronyb\u00f3l a f\u00fclembe,<br \/>\nhogy a szerelemben meghalok.<br \/>\nZ\u00fagass\u00e1tok j\u00f3l h\u00fazz\u00e1tok messze halljon,<br \/>\nsz\u00e1lljon az \u00e9n b\u00e1natom.<br \/>\n\u00c9rjen el a galambomhoz nem tudom hogy merre van most ,<br \/>\nki\u00e9rt sz\u00edvem f\u00e1j nagyon.<br \/>\n\u00c9rjen el a galambomhoz nem tudom hogy merre van most,<br \/>\nki\u00e9rt sz\u00edvem f\u00e1j nagyon.<br \/>\n&#8212;Sz\u00f3l\u00f3&#8212;<br \/>\nElmegyek \u00e9n te ut\u00e1nad b\u00e1r merre j\u00e1rsz,<br \/>\nvisszahozlak egy napon.<br \/>\nTenyeremen hordozgatlak, h\u00e1rom h\u00e9tig cs\u00f3kolgatlak,<br \/>\nt\u00e9ged \u00f6lel k\u00e9t karom.<br \/>\nTenyeremen hordozgatlak, h\u00e1rom h\u00e9tig cs\u00f3kolgatlak,<br \/>\nt\u00e9ged \u00f6lel k\u00e9t karom.<br \/>\nElmegyek most a templomba h\u00e1zasodni, oda viszlek angyalom.<br \/>\nH\u00e1zasodni megn\u0151s\u00fclni h\u00e1rom \u00e9jjel csak mulatni,<br \/>\nnem lesz nekem b\u00e1natom.<br \/>\nH\u00e1zasodni megn\u0151s\u00fclni h\u00e1rom \u00e9jjel csak mulatni,<br \/>\nnem lesz nekem b\u00e1natom.<br \/>\n&#8212;V\u00e9ge&#8212;<\/p>\n<p>&nbsp;<\/p>\n<p>&nbsp;<\/p>\n<p>&#8212;Intr\u00f3&#8212;<br \/>\nEl\u00e9g volt n\u00e9h\u00e1ny sz\u00f3,<br \/>\nvagy n\u00e9h\u00e1ny \u00e9rint\u00e9s,<br \/>\nvagy egy hossz\u00fa forr\u00f3 cs\u00f3k,<br \/>\nebb\u0151l soha nem volt el\u00e9g.<br \/>\nNe hagyd hogy kih\u0171lj\u00f6n a t\u0171z,<br \/>\nhogy kialudjon a l\u00e1ng,<br \/>\nszemedbe n\u00e9zve suttogom halkan,<br \/>\nsz\u00fcks\u00e9gem van r\u00e1d.<\/p>\n<p>\u00d6lelj engem egy \u00e9jszak\u00e1n,<br \/>\nszor\u00edts \u00fagy ahogy r\u00e9gen,<br \/>\nszerelmes sz\u00edvem annyira f\u00e1j,<br \/>\na gy\u00f3gyszer te vagy n\u00e9kem.<br \/>\n\u00d6lelj engem egy \u00e9jszak\u00e1n,<br \/>\nszor\u00edts \u00fagy ahogy r\u00e9gen,<br \/>\nmondd azt hogy nem kell senki m\u00e1s,<br \/>\n\u00e9n t\u0151led csak ezt k\u00e9rem.<\/p>\n<p>El\u00e9g volt n\u00e9h\u00e1ny sz\u00f3,<br \/>\nvagy n\u00e9h\u00e1ny \u00e9rint\u00e9s,<br \/>\nvagy egy hossz\u00fa forr\u00f3 cs\u00f3k,<br \/>\nebb\u0151l soha nem volt el\u00e9g.<br \/>\nNe hagyd hogy kih\u0171lj\u00f6n a t\u0171z,<br \/>\nhogy kialudjon a l\u00e1ng,<br \/>\nszemedbe n\u00e9zve suttogom halkan,<br \/>\nsz\u00fcks\u00e9gem van r\u00e1d.<\/p>\n<p>\u00d6lelj engem egy \u00e9jszak\u00e1n,<br \/>\nszor\u00edts \u00fagy ahogy r\u00e9gen,<br \/>\nszerelmes sz\u00edvem annyira f\u00e1j,<br \/>\na gy\u00f3gyszer te vagy n\u00e9kem.<br \/>\n\u00d6lelj engem egy \u00e9jszak\u00e1n,<br \/>\nszor\u00edts \u00fagy ahogy r\u00e9gen,<br \/>\nmondd azt hogy nem kell senki m\u00e1s,<br \/>\n\u00e9n t\u0151led csak ezt k\u00e9rem.<br \/>\n&#8212;Sz\u00f3l\u00f3&#8212;<br \/>\n\u00d6lelj engem egy \u00e9jszak\u00e1n,<br \/>\nszor\u00edts \u00fagy ahogy r\u00e9gen,<br \/>\nszerelmes sz\u00edvem annyira f\u00e1j,<br \/>\na gy\u00f3gyszer te vagy n\u00e9kem.<br \/>\n\u00d6lelj engem egy \u00e9jszak\u00e1n,<br \/>\nszor\u00edts \u00fagy ahogy r\u00e9gen,<br \/>\nmondd azt hogy nem kell senki m\u00e1s,<br \/>\n\u00e9n t\u0151led csak ezt k\u00e9rem.<br \/>\n\u00d6lelj engem egy \u00e9jszak\u00e1n,<br \/>\nszor\u00edts \u00fagy ahogy r\u00e9gen,<br \/>\nszerelmes sz\u00edvem annyira f\u00e1j,<br \/>\na gy\u00f3gyszer te vagy n\u00e9kem.<br \/>\n\u00d6lelj engem egy \u00e9jszak\u00e1n,<br \/>\nszor\u00edts \u00fagy ahogy r\u00e9gen,<br \/>\nmondd azt hogy nem kell senki m\u00e1s,<br \/>\n\u00e9n t\u0151led csak ezt k\u00e9rem.<br \/>\n\u00c9n t\u0151led csak ezt k\u00e9rem.<br \/>\n&#8212;V\u00e9ge&#8212;<\/p>\n","protected":false},"featured_media":9836,"template":"","meta":{"site-sidebar-layout":"default","site-content-layout":"default","ast-site-content-layout":"default","site-content-style":"default","site-sidebar-style":"default","ast-global-header-display":"","ast-banner-title-visibility":"","ast-main-header-display":"","ast-hfb-above-header-display":"","ast-hfb-below-header-display":"","ast-hfb-mobile-header-display":"","site-post-title":"","ast-breadcrumbs-content":"","ast-featured-img":"","footer-sml-layout":"","theme-transparent-header-meta":"default","adv-header-id-meta":"","stick-header-meta":"","header-above-stick-meta":"","header-main-stick-meta":"","header-below-stick-meta":"","astra-migrate-meta-layouts":"set","ast-page-background-enabled":"default","ast-page-background-meta":{"desktop":{"background-color":"var(--ast-global-color-4)","background-image":"","background-repeat":"repeat","background-position":"center center","background-size":"auto","background-attachment":"scroll","background-type":"","background-media":"","overlay-type":"","overlay-color":"","overlay-opacity":"","overlay-gradient":""},"tablet":{"background-color":"","background-image":"","background-repeat":"repeat","background-position":"center center","background-size":"auto","background-attachment":"scroll","background-type":"","background-media":"","overlay-type":"","overlay-color":"","overlay-opacity":"","overlay-gradient":""},"mobile":{"background-color":"","background-image":"","background-repeat":"repeat","background-position":"center center","background-size":"auto","background-attachment":"scroll","background-type":"","background-media":"","overlay-type":"","overlay-color":"","overlay-opacity":"","overlay-gradient":""}},"ast-content-background-meta":{"desktop":{"background-color":"var(--ast-global-color-5)","background-image":"","background-repeat":"repeat","background-position":"center center","background-size":"auto","background-attachment":"scroll","background-type":"","background-media":"","overlay-type":"","overlay-color":"","overlay-opacity":"","overlay-gradient":""},"tablet":{"background-color":"var(--ast-global-color-5)","background-image":"","background-repeat":"repeat","background-position":"center center","background-size":"auto","background-attachment":"scroll","background-type":"","background-media":"","overlay-type":"","overlay-color":"","overlay-opacity":"","overlay-gradient":""},"mobile":{"background-color":"var(--ast-global-color-5)","background-image":"","background-repeat":"repeat","background-position":"center center","background-size":"auto","background-attachment":"scroll","background-type":"","background-media":"","overlay-type":"","overlay-color":"","overlay-opacity":"","overlay-gradient":""}}},"product_cat":[48],"product_tag":[],"class_list":["post-10013","product","type-product","status-publish","has-post-thumbnail","hentry","product_cat-sunkaraoke-dalok","desktop-align-left","tablet-align-left","mobile-align-left"],"_links":{"self":[{"href":"https:\/\/www.sunkaraoke.hu\/index.php\/wp-json\/wp\/v2\/product\/10013","targetHints":{"allow":["GET"]}}],"collection":[{"href":"https:\/\/www.sunkaraoke.hu\/index.php\/wp-json\/wp\/v2\/product"}],"about":[{"href":"https:\/\/www.sunkaraoke.hu\/index.php\/wp-json\/wp\/v2\/types\/product"}],"wp:featuredmedia":[{"embeddable":true,"href":"https:\/\/www.sunkaraoke.hu\/index.php\/wp-json\/wp\/v2\/media\/9836"}],"wp:attachment":[{"href":"https:\/\/www.sunkaraoke.hu\/index.php\/wp-json\/wp\/v2\/media?parent=10013"}],"wp:term":[{"taxonomy":"product_cat","embeddable":true,"href":"https:\/\/www.sunkaraoke.hu\/index.php\/wp-json\/wp\/v2\/product_cat?post=10013"},{"taxonomy":"product_tag","embeddable":true,"href":"https:\/\/www.sunkaraoke.hu\/index.php\/wp-json\/wp\/v2\/product_tag?post=10013"}],"curies":[{"name":"wp","href":"https:\/\/api.w.org\/{rel}","templated":true}]}}